{"id":2222,"date":"2026-02-09T13:41:12","date_gmt":"2026-02-09T13:41:12","guid":{"rendered":"https:\/\/www.alltrucks.com\/?page_id=2222"},"modified":"2026-02-24T15:37:12","modified_gmt":"2026-02-24T15:37:12","slug":"testbeitrag","status":"publish","type":"page","link":"https:\/\/www.alltrucks.com\/sv\/testbeitrag\/","title":{"rendered":"\u00d6vers\u00e4ttningssida"},"content":{"rendered":"<div data-elementor-type=\"wp-page\" data-elementor-id=\"2222\" class=\"elementor elementor-2222\" data-elementor-post-type=\"page\">\n\t\t\t\t<div class=\"elementor-element elementor-element-7954541 e-flex e-con-boxed e-con e-parent\" data-id=\"7954541\" data-element_type=\"container\">\n\t\t\t\t\t<div class=\"e-con-inner\">\n\t\t\t\t<div class=\"elementor-element elementor-element-d251acf elementor-widget elementor-widget-text-editor\" data-id=\"d251acf\" data-element_type=\"widget\" data-widget_type=\"text-editor.default\">\n\t\t\t\t\t\t\t\t\t<p>Test 123<\/p><p>M\u00e5n<\/p><p>Tis<\/p><p>Ons<\/p><p>Tor<\/p><p>Fre<\/p><p>L\u00f6r<\/p><p>Sol<\/p><p>Lastbil<\/p><p>MAN Lastbil<\/p><p>Polen<\/p><p>Storbritannien<\/p><p>F\u00f6rvaltning<\/p><p>Platschef<\/p><p>Verkstadschef<\/p><p>Servicechef<\/p><p>Servicekonsult<\/p><p>M\u00e4sterlig hantverkare<\/p><p>Mont\u00f6r<\/p><p>Lagerlokal<\/p><p>F\u00f6rs\u00e4ljningschef<\/p><p>Marknadsf\u00f6ring<\/p><p>Utbildning<\/p><p>IT<\/p><p>Assistent<\/p><p>Sekreterare<\/p><p>Revision<\/p><p>Alltrucks chef<\/p><p>Redovisning<\/p><p>AT Fordonsgenoms\u00f6kning Ansvarig person<\/p><p>Alltrucks Teknisk chef<\/p><p>Kontaktpersoner<\/p><p>Workshopfinder Kontaktperson<\/p><p>PKW<\/p><p>Jordbruk<\/p><p>Industri<\/p><p>Lastbil<\/p><p>Bussar och l\u00e5ngf\u00e4rdsbussar<\/p><p>Trailer<\/p><p>LCV<\/p><p>Pick-up och leveransservice<\/p><p>S\u00e4rskilda konverteringar<\/p><p>UVV-inspektion<\/p><p>Tillbeh\u00f6r<\/p><p>Hyrfordon<\/p><p>Behandling av olyckor<\/p><p>Service av bromsar<\/p><p>Elektronikservice<\/p><p>Lagstadgade inspektioner (AUT)<\/p><p>Hydrauliskt underh\u00e5ll<\/p><p>KB Garanti<\/p><p>Justering av hjul<\/p><p>D\u00e4ckservice<\/p><p>Justering av ram<\/p><p>Luftkonditioneringssystem och tillsatsv\u00e4rmare<\/p><p>Mobilt servicefordon<\/p><p>Reparation av motor och v\u00e4xell\u00e5da<\/p><p>Kontroll av varvr\u00e4knare och f\u00e4rdskrivare<\/p><p>F\u00f6rberedelser<\/p><p>Biltv\u00e4tt<\/p><p>Glasservice<\/p><p>Karosseriarbeten p\u00e5 bilen<\/p><p>Chassi<\/p><p>S\u00e4kerhetskontroll (SP)<\/p><p>Telematik<\/p><p>Bakgavellyftar<\/p><p>H\u00f6gsp\u00e4nningstj\u00e4nster<\/p><p>Alltrucks 24-timmarsservice<\/p><p>just \u00f6ppnat<\/p><p>Krone<\/p><p>\u2713 Krone<\/p>\t\t\t\t\t\t\t\t<\/div>\n\t\t\t\t\t<\/div>\n\t\t\t\t<\/div>\n\t\t\t\t<\/div>","protected":false},"excerpt":{"rendered":"<p>Test 123 M\u00e5n Tis Wed Thu Fri S\u00f6n Truck MAN Truck Poland United Kingdom Management Site Manager Workshop Manager Service Manager Service Advisor Foreman Fitter Warehouse Sales Marketing Training IT Assistant Secretary Audit Alltrucks Ansvarig Accounting AT Vehicle Search Ansvarig Alltrucks Technical Ansvarig Contact Workshopfinder Kontaktperson Car Agriculture Industry Truck Buses Trailer LCV Collection and Delivery Service Special Conversions UVV Inspection [...]<\/p>","protected":false},"author":1,"featured_media":0,"parent":0,"menu_order":0,"comment_status":"closed","ping_status":"closed","template":"","meta":{"footnotes":""},"class_list":["post-2222","page","type-page","status-publish","hentry"],"yoast_head":"<!-- This site is optimized with the Yoast SEO Premium plugin v26.3 (Yoast SEO v26.3) - https:\/\/yoast.com\/wordpress\/plugins\/seo\/ -->\n<title>Translation Page - Alltrucks Truck &amp; Trailer Service<\/title>\n<meta name=\"robots\" content=\"index, follow, max-snippet:-1, max-image-preview:large, max-video-preview:-1\" \/>\n<link rel=\"canonical\" href=\"https:\/\/www.alltrucks.com\/sv\/testbeitrag\/\" \/>\n<meta property=\"og:locale\" content=\"sv_SE\" \/>\n<meta property=\"og:type\" content=\"article\" \/>\n<meta property=\"og:title\" content=\"Translation Page\" \/>\n<meta property=\"og:description\" content=\"Test 123 Mo Di Mi Do Fr Sa So Lkw MAN Truck Polen Vereinigtes K\u00f6nigreich Gesch\u00e4ftsleitung Standortleiter Werkstattleiter Serviceleiter Serviceberater Meister Monteur Lager Vertrieb Marketing Training IT Assistent*in Sekret\u00e4rin Audit Alltrucksverantwortlicher Buchhaltung AT Fahrzeugsuche Verantwortlicher Alltrucks Technik Verantwortlicher Ansprechpartner Workshopfinder Contact person PKW Landwirtschaft Industrie Lkw Omnibusse Trailer LCV Abhol- und Lieferservice Sonderumbauten UVV Inspektion [&hellip;]\" \/>\n<meta property=\"og:url\" content=\"https:\/\/www.alltrucks.com\/sv\/testbeitrag\/\" \/>\n<meta property=\"og:site_name\" content=\"Alltrucks Truck &amp; Trailer Service\" \/>\n<meta property=\"article:publisher\" content=\"https:\/\/www.facebook.com\/alltrucksDE\/mentions\/?_rdr\" \/>\n<meta property=\"article:modified_time\" content=\"2026-02-24T15:37:12+00:00\" \/>\n<meta name=\"twitter:card\" content=\"summary_large_image\" \/>\n<meta name=\"twitter:label1\" content=\"Ber\u00e4knad l\u00e4stid\" \/>\n\t<meta name=\"twitter:data1\" content=\"1 minut\" \/>\n<script type=\"application\/ld+json\" class=\"yoast-schema-graph\">{\"@context\":\"https:\/\/schema.org\",\"@graph\":[{\"@type\":\"WebPage\",\"@id\":\"https:\/\/www.alltrucks.com\/testbeitrag\/\",\"url\":\"https:\/\/www.alltrucks.com\/testbeitrag\/\",\"name\":\"Translation Page - Alltrucks Truck &amp; Trailer Service\",\"isPartOf\":{\"@id\":\"https:\/\/www.alltrucks.com\/#website\"},\"datePublished\":\"2026-02-09T13:41:12+00:00\",\"dateModified\":\"2026-02-24T15:37:12+00:00\",\"breadcrumb\":{\"@id\":\"https:\/\/www.alltrucks.com\/testbeitrag\/#breadcrumb\"},\"inLanguage\":\"sv-SE\",\"potentialAction\":[{\"@type\":\"ReadAction\",\"target\":[\"https:\/\/www.alltrucks.com\/testbeitrag\/\"]}]},{\"@type\":\"BreadcrumbList\",\"@id\":\"https:\/\/www.alltrucks.com\/testbeitrag\/#breadcrumb\",\"itemListElement\":[{\"@type\":\"ListItem\",\"position\":1,\"name\":\"Startseite\",\"item\":\"https:\/\/www.alltrucks.com\/\"},{\"@type\":\"ListItem\",\"position\":2,\"name\":\"Translation Page\"}]},{\"@type\":\"WebSite\",\"@id\":\"https:\/\/www.alltrucks.com\/#website\",\"url\":\"https:\/\/www.alltrucks.com\/\",\"name\":\"Alltrucks Truck & Trailer Service\",\"description\":\"\",\"publisher\":{\"@id\":\"https:\/\/www.alltrucks.com\/#organization\"},\"potentialAction\":[{\"@type\":\"SearchAction\",\"target\":{\"@type\":\"EntryPoint\",\"urlTemplate\":\"https:\/\/www.alltrucks.com\/?s={search_term_string}\"},\"query-input\":{\"@type\":\"PropertyValueSpecification\",\"valueRequired\":true,\"valueName\":\"search_term_string\"}}],\"inLanguage\":\"sv-SE\"},{\"@type\":\"Organization\",\"@id\":\"https:\/\/www.alltrucks.com\/#organization\",\"name\":\"Alltrucks GmbH & Co. KG\",\"url\":\"https:\/\/www.alltrucks.com\/\",\"logo\":{\"@type\":\"ImageObject\",\"inLanguage\":\"sv-SE\",\"@id\":\"https:\/\/www.alltrucks.com\/#\/schema\/logo\/image\/\",\"url\":\"https:\/\/www.alltrucks.com\/wp-content\/uploads\/2025\/09\/Logo.svg\",\"contentUrl\":\"https:\/\/www.alltrucks.com\/wp-content\/uploads\/2025\/09\/Logo.svg\",\"width\":298,\"height\":65,\"caption\":\"Alltrucks GmbH & Co. KG\"},\"image\":{\"@id\":\"https:\/\/www.alltrucks.com\/#\/schema\/logo\/image\/\"},\"sameAs\":[\"https:\/\/www.facebook.com\/alltrucksDE\/mentions\/?_rdr\",\"https:\/\/de.linkedin.com\/company\/alltrucks\"]}]}<\/script>\n<!-- \/ Yoast SEO Premium plugin. -->","yoast_head_json":{"title":"Translation Page - Alltrucks Truck &amp; Trailer Service","robots":{"index":"index","follow":"follow","max-snippet":"max-snippet:-1","max-image-preview":"max-image-preview:large","max-video-preview":"max-video-preview:-1"},"canonical":"https:\/\/www.alltrucks.com\/sv\/testbeitrag\/","og_locale":"sv_SE","og_type":"article","og_title":"Translation Page","og_description":"Test 123 Mo Di Mi Do Fr Sa So Lkw MAN Truck Polen Vereinigtes K\u00f6nigreich Gesch\u00e4ftsleitung Standortleiter Werkstattleiter Serviceleiter Serviceberater Meister Monteur Lager Vertrieb Marketing Training IT Assistent*in Sekret\u00e4rin Audit Alltrucksverantwortlicher Buchhaltung AT Fahrzeugsuche Verantwortlicher Alltrucks Technik Verantwortlicher Ansprechpartner Workshopfinder Contact person PKW Landwirtschaft Industrie Lkw Omnibusse Trailer LCV Abhol- und Lieferservice Sonderumbauten UVV Inspektion [&hellip;]","og_url":"https:\/\/www.alltrucks.com\/sv\/testbeitrag\/","og_site_name":"Alltrucks Truck &amp; Trailer Service","article_publisher":"https:\/\/www.facebook.com\/alltrucksDE\/mentions\/?_rdr","article_modified_time":"2026-02-24T15:37:12+00:00","twitter_card":"summary_large_image","twitter_misc":{"Ber\u00e4knad l\u00e4stid":"1 minut"},"schema":{"@context":"https:\/\/schema.org","@graph":[{"@type":"WebPage","@id":"https:\/\/www.alltrucks.com\/testbeitrag\/","url":"https:\/\/www.alltrucks.com\/testbeitrag\/","name":"Translation Page - Alltrucks Truck &amp; Trailer Service","isPartOf":{"@id":"https:\/\/www.alltrucks.com\/#website"},"datePublished":"2026-02-09T13:41:12+00:00","dateModified":"2026-02-24T15:37:12+00:00","breadcrumb":{"@id":"https:\/\/www.alltrucks.com\/testbeitrag\/#breadcrumb"},"inLanguage":"sv-SE","potentialAction":[{"@type":"ReadAction","target":["https:\/\/www.alltrucks.com\/testbeitrag\/"]}]},{"@type":"BreadcrumbList","@id":"https:\/\/www.alltrucks.com\/testbeitrag\/#breadcrumb","itemListElement":[{"@type":"ListItem","position":1,"name":"Startseite","item":"https:\/\/www.alltrucks.com\/"},{"@type":"ListItem","position":2,"name":"Translation Page"}]},{"@type":"WebSite","@id":"https:\/\/www.alltrucks.com\/#website","url":"https:\/\/www.alltrucks.com\/","name":"Alltrucks Truck &amp; Trailer Service","description":"","publisher":{"@id":"https:\/\/www.alltrucks.com\/#organization"},"potentialAction":[{"@type":"SearchAction","target":{"@type":"EntryPoint","urlTemplate":"https:\/\/www.alltrucks.com\/?s={search_term_string}"},"query-input":{"@type":"PropertyValueSpecification","valueRequired":true,"valueName":"search_term_string"}}],"inLanguage":"sv-SE"},{"@type":"Organization","@id":"https:\/\/www.alltrucks.com\/#organization","name":"Alltrucks GmbH &amp; Co. KG","url":"https:\/\/www.alltrucks.com\/","logo":{"@type":"ImageObject","inLanguage":"sv-SE","@id":"https:\/\/www.alltrucks.com\/#\/schema\/logo\/image\/","url":"https:\/\/www.alltrucks.com\/wp-content\/uploads\/2025\/09\/Logo.svg","contentUrl":"https:\/\/www.alltrucks.com\/wp-content\/uploads\/2025\/09\/Logo.svg","width":298,"height":65,"caption":"Alltrucks GmbH & Co. KG"},"image":{"@id":"https:\/\/www.alltrucks.com\/#\/schema\/logo\/image\/"},"sameAs":["https:\/\/www.facebook.com\/alltrucksDE\/mentions\/?_rdr","https:\/\/de.linkedin.com\/company\/alltrucks"]}]}},"_links":{"self":[{"href":"https:\/\/www.alltrucks.com\/sv\/wp-json\/wp\/v2\/pages\/2222","targetHints":{"allow":["GET"]}}],"collection":[{"href":"https:\/\/www.alltrucks.com\/sv\/wp-json\/wp\/v2\/pages"}],"about":[{"href":"https:\/\/www.alltrucks.com\/sv\/wp-json\/wp\/v2\/types\/page"}],"author":[{"embeddable":true,"href":"https:\/\/www.alltrucks.com\/sv\/wp-json\/wp\/v2\/users\/1"}],"replies":[{"embeddable":true,"href":"https:\/\/www.alltrucks.com\/sv\/wp-json\/wp\/v2\/comments?post=2222"}],"version-history":[{"count":42,"href":"https:\/\/www.alltrucks.com\/sv\/wp-json\/wp\/v2\/pages\/2222\/revisions"}],"predecessor-version":[{"id":2400,"href":"https:\/\/www.alltrucks.com\/sv\/wp-json\/wp\/v2\/pages\/2222\/revisions\/2400"}],"wp:attachment":[{"href":"https:\/\/www.alltrucks.com\/sv\/wp-json\/wp\/v2\/media?parent=2222"}],"curies":[{"name":"wp","href":"https:\/\/api.w.org\/{rel}","templated":true}]}}