{"id":2222,"date":"2026-02-09T13:41:12","date_gmt":"2026-02-09T13:41:12","guid":{"rendered":"https:\/\/www.alltrucks.com\/?page_id=2222"},"modified":"2026-02-24T15:37:12","modified_gmt":"2026-02-24T15:37:12","slug":"testbeitrag","status":"publish","type":"page","link":"https:\/\/www.alltrucks.com\/ro\/testbeitrag\/","title":{"rendered":"Pagina de traducere"},"content":{"rendered":"<div data-elementor-type=\"wp-page\" data-elementor-id=\"2222\" class=\"elementor elementor-2222\" data-elementor-post-type=\"page\">\n\t\t\t\t<div class=\"elementor-element elementor-element-7954541 e-flex e-con-boxed e-con e-parent\" data-id=\"7954541\" data-element_type=\"container\">\n\t\t\t\t\t<div class=\"e-con-inner\">\n\t\t\t\t<div class=\"elementor-element elementor-element-d251acf elementor-widget elementor-widget-text-editor\" data-id=\"d251acf\" data-element_type=\"widget\" data-widget_type=\"text-editor.default\">\n\t\t\t\t\t\t\t\t\t<p>Test 123<\/p><p>Luni<\/p><p>Mar\u021bi<\/p><p>Miercuri<\/p><p>Joi<\/p><p>Vineri<\/p><p>S\u00e2mb\u0103t\u0103<\/p><p>Duminic\u0103<\/p><p>Camion<\/p><p>Camion MAN<\/p><p>Polonia<\/p><p>Regatul Unit<\/p><p>Management<\/p><p>Manager de site<\/p><p>\u0218ef de atelier<\/p><p>Manager de servicii<\/p><p>Consultant de servicii<\/p><p>Me\u0219ter artizan<\/p><p>Montator<\/p><p>Depozit<\/p><p>Director de v\u00e2nz\u0103ri<\/p><p>Marketing<\/p><p>Formare profesional\u0103<\/p><p>IT<\/p><p>Asistent<\/p><p>Secretar<\/p><p>Audit<\/p><p>Alltrucks manager<\/p><p>Contabilitate<\/p><p>AT Perchezi\u021bia vehiculului Persoana responsabil\u0103<\/p><p>Manager tehnic Alltrucks<\/p><p>Persoan\u0103 de contact<\/p><p>Workshopfinder Persoan\u0103 de contact<\/p><p>PKW<\/p><p>Agricultur\u0103<\/p><p>Industrie<\/p><p>Camion<\/p><p>Autobuze \u0219i autocare<\/p><p>Trailer<\/p><p>LCV<\/p><p>Serviciu de preluare \u0219i livrare<\/p><p>Conversii speciale<\/p><p>Inspec\u021bie UVV<\/p><p>Accesorii<\/p><p>Vehicule de \u00eenchiriat<\/p><p>Tratamentul accidentelor<\/p><p>Service fr\u00e2ne<\/p><p>Servicii electronice<\/p><p>Inspec\u021bii statutare (AUT)<\/p><p>\u00centre\u021binere hidraulic\u0103<\/p><p>Garan\u021bie KB<\/p><p>Alinierea ro\u021bilor<\/p><p>Service anvelope<\/p><p>Alinierea cadrului<\/p><p>Sisteme de aer condi\u021bionat \u0219i \u00eenc\u0103lzitoare auxiliare<\/p><p>Vehicul de serviciu mobil<\/p><p>Repararea motorului \u0219i a cutiei de viteze<\/p><p>Verificarea tahometrului \u0219i a tahografului<\/p><p>Preg\u0103tire<\/p><p>Sp\u0103l\u0103torie auto<\/p><p>Serviciul de sticl\u0103<\/p><p>Lucr\u0103ri de caroserie<\/p><p>\u0218asiu<\/p><p>Verificarea siguran\u021bei (SP)<\/p><p>Telematic\u0103<\/p><p>Elevatoare de coad\u0103<\/p><p>Servicii de \u00eenalt\u0103 tensiune<\/p><p>Alltrucks serviciu 24 de ore<\/p><p>tocmai deschis<\/p><p>Krone<\/p><p>\u2713 Krone<\/p>\t\t\t\t\t\t\t\t<\/div>\n\t\t\t\t\t<\/div>\n\t\t\t\t<\/div>\n\t\t\t\t<\/div>","protected":false},"excerpt":{"rendered":"<p>Test 123 Mo Di Mi Do Fr Sa So Lkw MAN Truck Polen Vereinigtes K\u00f6nigreich Gesch\u00e4ftsleitung Standortleiter Werkstattleiter Serviceleiter Serviceberater Meister Monteur Lager Vertrieb Marketing Training IT Assistent*in Sekret\u00e4rin Audit Alltrucksverantwortlicher Buchhaltung AT Fahrzeugsuche Verantwortlicher Alltrucks Technik Verantwortlicher Ansprechpartner Workshopfinder Contact person PKW Landwirtschaft Industrie Lkw Omnibusse Trailer LCV Abhol- und Lieferservice Sonderumbauten UVV Inspektion [&hellip;]<\/p>","protected":false},"author":1,"featured_media":0,"parent":0,"menu_order":0,"comment_status":"closed","ping_status":"closed","template":"","meta":{"footnotes":""},"class_list":["post-2222","page","type-page","status-publish","hentry"],"yoast_head":"<!-- This site is optimized with the Yoast SEO Premium plugin v26.3 (Yoast SEO v26.3) - https:\/\/yoast.com\/wordpress\/plugins\/seo\/ -->\n<title>Translation Page - Alltrucks Truck &amp; Trailer Service<\/title>\n<meta name=\"robots\" content=\"index, follow, max-snippet:-1, max-image-preview:large, max-video-preview:-1\" \/>\n<link rel=\"canonical\" href=\"https:\/\/www.alltrucks.com\/ro\/testbeitrag\/\" \/>\n<meta property=\"og:locale\" content=\"ro_RO\" \/>\n<meta property=\"og:type\" content=\"article\" \/>\n<meta property=\"og:title\" content=\"Translation Page\" \/>\n<meta property=\"og:description\" content=\"Test 123 Mo Di Mi Do Fr Sa So Lkw MAN Truck Polen Vereinigtes K\u00f6nigreich Gesch\u00e4ftsleitung Standortleiter Werkstattleiter Serviceleiter Serviceberater Meister Monteur Lager Vertrieb Marketing Training IT Assistent*in Sekret\u00e4rin Audit Alltrucksverantwortlicher Buchhaltung AT Fahrzeugsuche Verantwortlicher Alltrucks Technik Verantwortlicher Ansprechpartner Workshopfinder Contact person PKW Landwirtschaft Industrie Lkw Omnibusse Trailer LCV Abhol- und Lieferservice Sonderumbauten UVV Inspektion [&hellip;]\" \/>\n<meta property=\"og:url\" content=\"https:\/\/www.alltrucks.com\/ro\/testbeitrag\/\" \/>\n<meta property=\"og:site_name\" content=\"Alltrucks Truck &amp; Trailer Service\" \/>\n<meta property=\"article:publisher\" content=\"https:\/\/www.facebook.com\/alltrucksDE\/mentions\/?_rdr\" \/>\n<meta property=\"article:modified_time\" content=\"2026-02-24T15:37:12+00:00\" \/>\n<meta name=\"twitter:card\" content=\"summary_large_image\" \/>\n<meta name=\"twitter:label1\" content=\"Timp estimat pentru citire\" \/>\n\t<meta name=\"twitter:data1\" content=\"1 minut\" \/>\n<script type=\"application\/ld+json\" class=\"yoast-schema-graph\">{\"@context\":\"https:\/\/schema.org\",\"@graph\":[{\"@type\":\"WebPage\",\"@id\":\"https:\/\/www.alltrucks.com\/testbeitrag\/\",\"url\":\"https:\/\/www.alltrucks.com\/testbeitrag\/\",\"name\":\"Translation Page - Alltrucks Truck &amp; Trailer Service\",\"isPartOf\":{\"@id\":\"https:\/\/www.alltrucks.com\/#website\"},\"datePublished\":\"2026-02-09T13:41:12+00:00\",\"dateModified\":\"2026-02-24T15:37:12+00:00\",\"breadcrumb\":{\"@id\":\"https:\/\/www.alltrucks.com\/testbeitrag\/#breadcrumb\"},\"inLanguage\":\"ro-RO\",\"potentialAction\":[{\"@type\":\"ReadAction\",\"target\":[\"https:\/\/www.alltrucks.com\/testbeitrag\/\"]}]},{\"@type\":\"BreadcrumbList\",\"@id\":\"https:\/\/www.alltrucks.com\/testbeitrag\/#breadcrumb\",\"itemListElement\":[{\"@type\":\"ListItem\",\"position\":1,\"name\":\"Startseite\",\"item\":\"https:\/\/www.alltrucks.com\/\"},{\"@type\":\"ListItem\",\"position\":2,\"name\":\"Translation Page\"}]},{\"@type\":\"WebSite\",\"@id\":\"https:\/\/www.alltrucks.com\/#website\",\"url\":\"https:\/\/www.alltrucks.com\/\",\"name\":\"Alltrucks Truck & Trailer Service\",\"description\":\"\",\"publisher\":{\"@id\":\"https:\/\/www.alltrucks.com\/#organization\"},\"potentialAction\":[{\"@type\":\"SearchAction\",\"target\":{\"@type\":\"EntryPoint\",\"urlTemplate\":\"https:\/\/www.alltrucks.com\/?s={search_term_string}\"},\"query-input\":{\"@type\":\"PropertyValueSpecification\",\"valueRequired\":true,\"valueName\":\"search_term_string\"}}],\"inLanguage\":\"ro-RO\"},{\"@type\":\"Organization\",\"@id\":\"https:\/\/www.alltrucks.com\/#organization\",\"name\":\"Alltrucks GmbH & Co. KG\",\"url\":\"https:\/\/www.alltrucks.com\/\",\"logo\":{\"@type\":\"ImageObject\",\"inLanguage\":\"ro-RO\",\"@id\":\"https:\/\/www.alltrucks.com\/#\/schema\/logo\/image\/\",\"url\":\"https:\/\/www.alltrucks.com\/wp-content\/uploads\/2025\/09\/Logo.svg\",\"contentUrl\":\"https:\/\/www.alltrucks.com\/wp-content\/uploads\/2025\/09\/Logo.svg\",\"width\":298,\"height\":65,\"caption\":\"Alltrucks GmbH & Co. KG\"},\"image\":{\"@id\":\"https:\/\/www.alltrucks.com\/#\/schema\/logo\/image\/\"},\"sameAs\":[\"https:\/\/www.facebook.com\/alltrucksDE\/mentions\/?_rdr\",\"https:\/\/de.linkedin.com\/company\/alltrucks\"]}]}<\/script>\n<!-- \/ Yoast SEO Premium plugin. -->","yoast_head_json":{"title":"Translation Page - Alltrucks Truck &amp; Trailer Service","robots":{"index":"index","follow":"follow","max-snippet":"max-snippet:-1","max-image-preview":"max-image-preview:large","max-video-preview":"max-video-preview:-1"},"canonical":"https:\/\/www.alltrucks.com\/ro\/testbeitrag\/","og_locale":"ro_RO","og_type":"article","og_title":"Translation Page","og_description":"Test 123 Mo Di Mi Do Fr Sa So Lkw MAN Truck Polen Vereinigtes K\u00f6nigreich Gesch\u00e4ftsleitung Standortleiter Werkstattleiter Serviceleiter Serviceberater Meister Monteur Lager Vertrieb Marketing Training IT Assistent*in Sekret\u00e4rin Audit Alltrucksverantwortlicher Buchhaltung AT Fahrzeugsuche Verantwortlicher Alltrucks Technik Verantwortlicher Ansprechpartner Workshopfinder Contact person PKW Landwirtschaft Industrie Lkw Omnibusse Trailer LCV Abhol- und Lieferservice Sonderumbauten UVV Inspektion [&hellip;]","og_url":"https:\/\/www.alltrucks.com\/ro\/testbeitrag\/","og_site_name":"Alltrucks Truck &amp; Trailer Service","article_publisher":"https:\/\/www.facebook.com\/alltrucksDE\/mentions\/?_rdr","article_modified_time":"2026-02-24T15:37:12+00:00","twitter_card":"summary_large_image","twitter_misc":{"Timp estimat pentru citire":"1 minut"},"schema":{"@context":"https:\/\/schema.org","@graph":[{"@type":"WebPage","@id":"https:\/\/www.alltrucks.com\/testbeitrag\/","url":"https:\/\/www.alltrucks.com\/testbeitrag\/","name":"Translation Page - Alltrucks Truck &amp; Trailer Service","isPartOf":{"@id":"https:\/\/www.alltrucks.com\/#website"},"datePublished":"2026-02-09T13:41:12+00:00","dateModified":"2026-02-24T15:37:12+00:00","breadcrumb":{"@id":"https:\/\/www.alltrucks.com\/testbeitrag\/#breadcrumb"},"inLanguage":"ro-RO","potentialAction":[{"@type":"ReadAction","target":["https:\/\/www.alltrucks.com\/testbeitrag\/"]}]},{"@type":"BreadcrumbList","@id":"https:\/\/www.alltrucks.com\/testbeitrag\/#breadcrumb","itemListElement":[{"@type":"ListItem","position":1,"name":"Startseite","item":"https:\/\/www.alltrucks.com\/"},{"@type":"ListItem","position":2,"name":"Translation Page"}]},{"@type":"WebSite","@id":"https:\/\/www.alltrucks.com\/#website","url":"https:\/\/www.alltrucks.com\/","name":"Alltrucks Truck &amp; Trailer Service","description":"","publisher":{"@id":"https:\/\/www.alltrucks.com\/#organization"},"potentialAction":[{"@type":"SearchAction","target":{"@type":"EntryPoint","urlTemplate":"https:\/\/www.alltrucks.com\/?s={search_term_string}"},"query-input":{"@type":"PropertyValueSpecification","valueRequired":true,"valueName":"search_term_string"}}],"inLanguage":"ro-RO"},{"@type":"Organization","@id":"https:\/\/www.alltrucks.com\/#organization","name":"Alltrucks GmbH &amp; Co. KG","url":"https:\/\/www.alltrucks.com\/","logo":{"@type":"ImageObject","inLanguage":"ro-RO","@id":"https:\/\/www.alltrucks.com\/#\/schema\/logo\/image\/","url":"https:\/\/www.alltrucks.com\/wp-content\/uploads\/2025\/09\/Logo.svg","contentUrl":"https:\/\/www.alltrucks.com\/wp-content\/uploads\/2025\/09\/Logo.svg","width":298,"height":65,"caption":"Alltrucks GmbH & Co. KG"},"image":{"@id":"https:\/\/www.alltrucks.com\/#\/schema\/logo\/image\/"},"sameAs":["https:\/\/www.facebook.com\/alltrucksDE\/mentions\/?_rdr","https:\/\/de.linkedin.com\/company\/alltrucks"]}]}},"_links":{"self":[{"href":"https:\/\/www.alltrucks.com\/ro\/wp-json\/wp\/v2\/pages\/2222","targetHints":{"allow":["GET"]}}],"collection":[{"href":"https:\/\/www.alltrucks.com\/ro\/wp-json\/wp\/v2\/pages"}],"about":[{"href":"https:\/\/www.alltrucks.com\/ro\/wp-json\/wp\/v2\/types\/page"}],"author":[{"embeddable":true,"href":"https:\/\/www.alltrucks.com\/ro\/wp-json\/wp\/v2\/users\/1"}],"replies":[{"embeddable":true,"href":"https:\/\/www.alltrucks.com\/ro\/wp-json\/wp\/v2\/comments?post=2222"}],"version-history":[{"count":42,"href":"https:\/\/www.alltrucks.com\/ro\/wp-json\/wp\/v2\/pages\/2222\/revisions"}],"predecessor-version":[{"id":2400,"href":"https:\/\/www.alltrucks.com\/ro\/wp-json\/wp\/v2\/pages\/2222\/revisions\/2400"}],"wp:attachment":[{"href":"https:\/\/www.alltrucks.com\/ro\/wp-json\/wp\/v2\/media?parent=2222"}],"curies":[{"name":"wp","href":"https:\/\/api.w.org\/{rel}","templated":true}]}}