{"id":2222,"date":"2026-02-09T13:41:12","date_gmt":"2026-02-09T13:41:12","guid":{"rendered":"https:\/\/www.alltrucks.com\/?page_id=2222"},"modified":"2026-02-24T15:37:12","modified_gmt":"2026-02-24T15:37:12","slug":"testbeitrag","status":"publish","type":"page","link":"https:\/\/www.alltrucks.com\/pl\/testbeitrag\/","title":{"rendered":"Strona t\u0142umaczenia"},"content":{"rendered":"<div data-elementor-type=\"wp-page\" data-elementor-id=\"2222\" class=\"elementor elementor-2222\" data-elementor-post-type=\"page\">\n\t\t\t\t<div class=\"elementor-element elementor-element-7954541 e-flex e-con-boxed e-con e-parent\" data-id=\"7954541\" data-element_type=\"container\">\n\t\t\t\t\t<div class=\"e-con-inner\">\n\t\t\t\t<div class=\"elementor-element elementor-element-d251acf elementor-widget elementor-widget-text-editor\" data-id=\"d251acf\" data-element_type=\"widget\" data-widget_type=\"text-editor.default\">\n\t\t\t\t\t\t\t\t\t<p>Test 123<\/p><p>Pon.<\/p><p>Wt.<\/p><p>\u015ar.<\/p><p>Czw.<\/p><p>Pt.<\/p><p>Sob.<\/p><p>Nd.<\/p><p>Sam. Ci\u0119\u017carowe<\/p><p>MAN Truck<\/p><p>Polska<\/p><p>Wielka Brytania<\/p><p>Zarz\u0105d<\/p><p>Kierownik obiektu<\/p><p>Koordynator warsztatu<\/p><p>Kierownik warsztatu<\/p><p>Doradca serwisowy<\/p><p>Mistrz<\/p><p>Mechanik<\/p><p>Magazyn<\/p><p>Kierownik sprzeda\u017cy<\/p><p>Marketing<\/p><p>Szkoleniowiec<\/p><p>IT<\/p><p>Asystent\/-ka<\/p><p>Sekretariat<\/p><p>Audytor<\/p><p>Kierownik ds. Alltrucks<\/p><p>Ksi\u0119gowo\u015b\u0107<\/p><p>Kierownik ds. pojazd\u00f3w Alltrucks<\/p><p>Kierownik techniczny Alltrucks<\/p><p>Osoba kontaktowa<\/p><p>Kontakt<\/p><p>Sam. osobowe<\/p><p>Maszyny rolnicze<\/p><p>Maszyny przemys\u0142owe<\/p><p>Sam. Ci\u0119\u017carowe<\/p><p>Autobusy \/ Autokary<\/p><p>Naczepy \/ Przyczepy<\/p><p>Sam. Dostawcze<\/p><p>Us\u0142ugi odbioru i zwrotu pojazd\u00f3w<\/p><p>Specjalne adaptacje pojazd\u00f3w<\/p><p>Kontrola UDT<\/p><p>Akcesoria<\/p><p>Wynajem pojazd\u00f3w<\/p><p>Obs\u0142uga wypadk\u00f3w<\/p><p>Serwis hamulc\u00f3w<\/p><p>Serwis elektroniki<\/p><p>OSKP<\/p><p>Serwis hydrauliki<\/p><p>Reklamacje gwarancyjne Knorr-Bremse<\/p><p>Kontrola geometrii<\/p><p>Serwis opon<\/p><p>Wyci\u0105ganie ram<\/p><p>Klimatyzacja i ogrzewania postojowe<\/p><p>Mobilny serwis<\/p><p>Remont silnik\u00f3w i skrzy\u0144 bieg\u00f3w<\/p><p>Kontrola tachograf\u00f3w<\/p><p>Przygotowanie pojazd\u00f3w<\/p><p>Myjnia TIR<\/p><p>Serwis szyb<\/p><p>Naprawy blacharskie<\/p><p>Serwis podwozia<\/p><p>Inspekcje bezpiecze\u0144stwa<\/p><p>Telematyka<\/p><p>Podno\u015bniki i podesty samoza\u0142adowcze<\/p><p>Serwis wysokiego napi\u0119cia<\/p><p>Centrala alarmowa Alltrucks 24\/7<\/p><p>Otwarte<\/p><p>Krone<\/p><p>\u2713 Krone<\/p>\t\t\t\t\t\t\t\t<\/div>\n\t\t\t\t\t<\/div>\n\t\t\t\t<\/div>\n\t\t\t\t<\/div>","protected":false},"excerpt":{"rendered":"<p>Test 123 Mon Tue Wed Thu Fri Sat Sun Truck MAN Truck Polska Wielka Brytania Zarz\u0105dzanie Kierownik budowy Kierownik warsztatu Kierownik serwisu Doradca serwisowy Brygadzista Monter Magazyn Sprzeda\u017c Marketing Szkolenia IT Asystent Sekretarka Audyt Alltrucks Odpowiedzialny Ksi\u0119gowo\u015b\u0107 AT Wyszukiwanie pojazd\u00f3w Odpowiedzialny Alltrucks Techniczny Odpowiedzialny Kontakt Workshopfinder Osoba kontaktowa Samoch\u00f3d Rolnictwo Przemys\u0142 Ci\u0119\u017carowy Autobusy Przyczepy LCV Odbi\u00f3r i dostawa Serwis Specjalne Konwersje UVV Inspekcja [...]<\/p>","protected":false},"author":1,"featured_media":0,"parent":0,"menu_order":0,"comment_status":"closed","ping_status":"closed","template":"","meta":{"footnotes":""},"class_list":["post-2222","page","type-page","status-publish","hentry"],"yoast_head":"<!-- This site is optimized with the Yoast SEO Premium plugin v26.3 (Yoast SEO v26.3) - https:\/\/yoast.com\/wordpress\/plugins\/seo\/ -->\n<title>Translation Page - Alltrucks Truck &amp; Trailer Service<\/title>\n<meta name=\"robots\" content=\"index, follow, max-snippet:-1, max-image-preview:large, max-video-preview:-1\" \/>\n<link rel=\"canonical\" href=\"https:\/\/www.alltrucks.com\/pl\/testbeitrag\/\" \/>\n<meta property=\"og:locale\" content=\"pl_PL\" \/>\n<meta property=\"og:type\" content=\"article\" \/>\n<meta property=\"og:title\" content=\"Translation Page\" \/>\n<meta property=\"og:description\" content=\"Test 123 Mo Di Mi Do Fr Sa So Lkw MAN Truck Polen Vereinigtes K\u00f6nigreich Gesch\u00e4ftsleitung Standortleiter Werkstattleiter Serviceleiter Serviceberater Meister Monteur Lager Vertrieb Marketing Training IT Assistent*in Sekret\u00e4rin Audit Alltrucksverantwortlicher Buchhaltung AT Fahrzeugsuche Verantwortlicher Alltrucks Technik Verantwortlicher Ansprechpartner Workshopfinder Contact person PKW Landwirtschaft Industrie Lkw Omnibusse Trailer LCV Abhol- und Lieferservice Sonderumbauten UVV Inspektion [&hellip;]\" \/>\n<meta property=\"og:url\" content=\"https:\/\/www.alltrucks.com\/pl\/testbeitrag\/\" \/>\n<meta property=\"og:site_name\" content=\"Alltrucks Truck &amp; Trailer Service\" \/>\n<meta property=\"article:publisher\" content=\"https:\/\/www.facebook.com\/alltrucksDE\/mentions\/?_rdr\" \/>\n<meta property=\"article:modified_time\" content=\"2026-02-24T15:37:12+00:00\" \/>\n<meta name=\"twitter:card\" content=\"summary_large_image\" \/>\n<meta name=\"twitter:label1\" content=\"Szacowany czas czytania\" \/>\n\t<meta name=\"twitter:data1\" content=\"1 minuta\" \/>\n<script type=\"application\/ld+json\" class=\"yoast-schema-graph\">{\"@context\":\"https:\/\/schema.org\",\"@graph\":[{\"@type\":\"WebPage\",\"@id\":\"https:\/\/www.alltrucks.com\/testbeitrag\/\",\"url\":\"https:\/\/www.alltrucks.com\/testbeitrag\/\",\"name\":\"Translation Page - Alltrucks Truck &amp; Trailer Service\",\"isPartOf\":{\"@id\":\"https:\/\/www.alltrucks.com\/#website\"},\"datePublished\":\"2026-02-09T13:41:12+00:00\",\"dateModified\":\"2026-02-24T15:37:12+00:00\",\"breadcrumb\":{\"@id\":\"https:\/\/www.alltrucks.com\/testbeitrag\/#breadcrumb\"},\"inLanguage\":\"pl-PL\",\"potentialAction\":[{\"@type\":\"ReadAction\",\"target\":[\"https:\/\/www.alltrucks.com\/testbeitrag\/\"]}]},{\"@type\":\"BreadcrumbList\",\"@id\":\"https:\/\/www.alltrucks.com\/testbeitrag\/#breadcrumb\",\"itemListElement\":[{\"@type\":\"ListItem\",\"position\":1,\"name\":\"Startseite\",\"item\":\"https:\/\/www.alltrucks.com\/\"},{\"@type\":\"ListItem\",\"position\":2,\"name\":\"Translation Page\"}]},{\"@type\":\"WebSite\",\"@id\":\"https:\/\/www.alltrucks.com\/#website\",\"url\":\"https:\/\/www.alltrucks.com\/\",\"name\":\"Alltrucks Truck & Trailer Service\",\"description\":\"\",\"publisher\":{\"@id\":\"https:\/\/www.alltrucks.com\/#organization\"},\"potentialAction\":[{\"@type\":\"SearchAction\",\"target\":{\"@type\":\"EntryPoint\",\"urlTemplate\":\"https:\/\/www.alltrucks.com\/?s={search_term_string}\"},\"query-input\":{\"@type\":\"PropertyValueSpecification\",\"valueRequired\":true,\"valueName\":\"search_term_string\"}}],\"inLanguage\":\"pl-PL\"},{\"@type\":\"Organization\",\"@id\":\"https:\/\/www.alltrucks.com\/#organization\",\"name\":\"Alltrucks GmbH & Co. KG\",\"url\":\"https:\/\/www.alltrucks.com\/\",\"logo\":{\"@type\":\"ImageObject\",\"inLanguage\":\"pl-PL\",\"@id\":\"https:\/\/www.alltrucks.com\/#\/schema\/logo\/image\/\",\"url\":\"https:\/\/www.alltrucks.com\/wp-content\/uploads\/2025\/09\/Logo.svg\",\"contentUrl\":\"https:\/\/www.alltrucks.com\/wp-content\/uploads\/2025\/09\/Logo.svg\",\"width\":298,\"height\":65,\"caption\":\"Alltrucks GmbH & Co. KG\"},\"image\":{\"@id\":\"https:\/\/www.alltrucks.com\/#\/schema\/logo\/image\/\"},\"sameAs\":[\"https:\/\/www.facebook.com\/alltrucksDE\/mentions\/?_rdr\",\"https:\/\/de.linkedin.com\/company\/alltrucks\"]}]}<\/script>\n<!-- \/ Yoast SEO Premium plugin. -->","yoast_head_json":{"title":"Translation Page - Alltrucks Truck &amp; Trailer Service","robots":{"index":"index","follow":"follow","max-snippet":"max-snippet:-1","max-image-preview":"max-image-preview:large","max-video-preview":"max-video-preview:-1"},"canonical":"https:\/\/www.alltrucks.com\/pl\/testbeitrag\/","og_locale":"pl_PL","og_type":"article","og_title":"Translation Page","og_description":"Test 123 Mo Di Mi Do Fr Sa So Lkw MAN Truck Polen Vereinigtes K\u00f6nigreich Gesch\u00e4ftsleitung Standortleiter Werkstattleiter Serviceleiter Serviceberater Meister Monteur Lager Vertrieb Marketing Training IT Assistent*in Sekret\u00e4rin Audit Alltrucksverantwortlicher Buchhaltung AT Fahrzeugsuche Verantwortlicher Alltrucks Technik Verantwortlicher Ansprechpartner Workshopfinder Contact person PKW Landwirtschaft Industrie Lkw Omnibusse Trailer LCV Abhol- und Lieferservice Sonderumbauten UVV Inspektion [&hellip;]","og_url":"https:\/\/www.alltrucks.com\/pl\/testbeitrag\/","og_site_name":"Alltrucks Truck &amp; Trailer Service","article_publisher":"https:\/\/www.facebook.com\/alltrucksDE\/mentions\/?_rdr","article_modified_time":"2026-02-24T15:37:12+00:00","twitter_card":"summary_large_image","twitter_misc":{"Szacowany czas czytania":"1 minuta"},"schema":{"@context":"https:\/\/schema.org","@graph":[{"@type":"WebPage","@id":"https:\/\/www.alltrucks.com\/testbeitrag\/","url":"https:\/\/www.alltrucks.com\/testbeitrag\/","name":"Translation Page - Alltrucks Truck &amp; Trailer Service","isPartOf":{"@id":"https:\/\/www.alltrucks.com\/#website"},"datePublished":"2026-02-09T13:41:12+00:00","dateModified":"2026-02-24T15:37:12+00:00","breadcrumb":{"@id":"https:\/\/www.alltrucks.com\/testbeitrag\/#breadcrumb"},"inLanguage":"pl-PL","potentialAction":[{"@type":"ReadAction","target":["https:\/\/www.alltrucks.com\/testbeitrag\/"]}]},{"@type":"BreadcrumbList","@id":"https:\/\/www.alltrucks.com\/testbeitrag\/#breadcrumb","itemListElement":[{"@type":"ListItem","position":1,"name":"Startseite","item":"https:\/\/www.alltrucks.com\/"},{"@type":"ListItem","position":2,"name":"Translation Page"}]},{"@type":"WebSite","@id":"https:\/\/www.alltrucks.com\/#website","url":"https:\/\/www.alltrucks.com\/","name":"Alltrucks Truck &amp; Trailer Service","description":"","publisher":{"@id":"https:\/\/www.alltrucks.com\/#organization"},"potentialAction":[{"@type":"SearchAction","target":{"@type":"EntryPoint","urlTemplate":"https:\/\/www.alltrucks.com\/?s={search_term_string}"},"query-input":{"@type":"PropertyValueSpecification","valueRequired":true,"valueName":"search_term_string"}}],"inLanguage":"pl-PL"},{"@type":"Organization","@id":"https:\/\/www.alltrucks.com\/#organization","name":"Alltrucks GmbH &amp; Co. KG","url":"https:\/\/www.alltrucks.com\/","logo":{"@type":"ImageObject","inLanguage":"pl-PL","@id":"https:\/\/www.alltrucks.com\/#\/schema\/logo\/image\/","url":"https:\/\/www.alltrucks.com\/wp-content\/uploads\/2025\/09\/Logo.svg","contentUrl":"https:\/\/www.alltrucks.com\/wp-content\/uploads\/2025\/09\/Logo.svg","width":298,"height":65,"caption":"Alltrucks GmbH & Co. KG"},"image":{"@id":"https:\/\/www.alltrucks.com\/#\/schema\/logo\/image\/"},"sameAs":["https:\/\/www.facebook.com\/alltrucksDE\/mentions\/?_rdr","https:\/\/de.linkedin.com\/company\/alltrucks"]}]}},"_links":{"self":[{"href":"https:\/\/www.alltrucks.com\/pl\/wp-json\/wp\/v2\/pages\/2222","targetHints":{"allow":["GET"]}}],"collection":[{"href":"https:\/\/www.alltrucks.com\/pl\/wp-json\/wp\/v2\/pages"}],"about":[{"href":"https:\/\/www.alltrucks.com\/pl\/wp-json\/wp\/v2\/types\/page"}],"author":[{"embeddable":true,"href":"https:\/\/www.alltrucks.com\/pl\/wp-json\/wp\/v2\/users\/1"}],"replies":[{"embeddable":true,"href":"https:\/\/www.alltrucks.com\/pl\/wp-json\/wp\/v2\/comments?post=2222"}],"version-history":[{"count":42,"href":"https:\/\/www.alltrucks.com\/pl\/wp-json\/wp\/v2\/pages\/2222\/revisions"}],"predecessor-version":[{"id":2400,"href":"https:\/\/www.alltrucks.com\/pl\/wp-json\/wp\/v2\/pages\/2222\/revisions\/2400"}],"wp:attachment":[{"href":"https:\/\/www.alltrucks.com\/pl\/wp-json\/wp\/v2\/media?parent=2222"}],"curies":[{"name":"wp","href":"https:\/\/api.w.org\/{rel}","templated":true}]}}