{"id":790,"date":"2025-10-07T17:27:16","date_gmt":"2025-10-07T17:27:16","guid":{"rendered":"https:\/\/alltrucks.brandnew.media\/?page_id=790"},"modified":"2026-02-06T15:19:49","modified_gmt":"2026-02-06T15:19:49","slug":"haftungsausschluss","status":"publish","type":"page","link":"https:\/\/www.alltrucks.com\/nl\/haftungsausschluss\/","title":{"rendered":"Disclaimer"},"content":{"rendered":"<div data-elementor-type=\"wp-page\" data-elementor-id=\"790\" class=\"elementor elementor-790\" data-elementor-post-type=\"page\">\n\t\t\t\t<div class=\"elementor-element elementor-element-1f285de e-flex e-con-boxed e-con e-parent\" data-id=\"1f285de\" data-element_type=\"container\">\n\t\t\t\t\t<div class=\"e-con-inner\">\n\t\t\t\t<div class=\"elementor-element elementor-element-0e27537 elementor-widget elementor-widget-heading\" data-id=\"0e27537\" data-element_type=\"widget\" data-widget_type=\"heading.default\">\n\t\t\t\t\t<h1 class=\"elementor-heading-title elementor-size-default\"><h3 class=\"headline-50 brand-logo\"><span>Disclaimer<\/span><\/h3><\/h1>\t\t\t\t<\/div>\n\t\t\t\t<div class=\"elementor-element elementor-element-5b2ab6c elementor-widget elementor-widget-text-editor\" data-id=\"5b2ab6c\" data-element_type=\"widget\" data-widget_type=\"text-editor.default\">\n\t\t\t\t\t\t\t\t\t<div class=\"text-full\"><div class=\"rte-text\"><p><strong>Disclaimer<\/strong><\/p><p>Alltrucks GmbH &amp; Co. KG (\"Alltrucks\") spant zich naar beste vermogen in om de juistheid en volledigheid van de informatie op de pagina's van de website www.alltrucks.com (\"website\") te verzekeren, maar aanvaardt geen aansprakelijkheid voor de actualiteit, juistheid of volledigheid van de informatie op de pagina's van de website. Bovendien is Alltrucks niet verantwoordelijk voor de inhoud van externe websites waarnaar de website direct of indirect via hyperlinks verwijst en die buiten het verantwoordelijkheidsgebied van Alltrucks liggen.<\/p><p>Alltrucks behoudt zich uitdrukkelijk het recht voor om de website zonder voorafgaande kennisgeving gedeeltelijk of volledig te wijzigen, aan te vullen, te verwijderen of de publicatie tijdelijk of definitief stop te zetten. De beschikbare inhoud op de pagina's van de website is auteursrechtelijk beschermd. Reproductie of gebruik van deze inhoud door derden in welke vorm dan ook is niet toegestaan zonder de uitdrukkelijke toestemming van Alltrucks; gelieve contact op te nemen met de persoon genoemd in de juridische mededeling om dergelijke toestemming te verkrijgen.<\/p><p>Deze disclaimer dient te worden beschouwd als onderdeel van de website. Indien delen of afzonderlijke formuleringen van deze disclaimer niet, niet meer of niet volledig voldoen aan de van toepassing zijnde rechtspositie, blijven de overige delen van het document qua inhoud en geldigheid onaangetast.<\/p><p><strong>Gebruiksvoorwaarden<\/strong><\/p><p>Het gebruik van onze website en de inhoud ervan is onderworpen aan de volgende voorwaarden:<\/p><p><strong>Inhoud van de website<\/strong><br \/>Hoewel wij de inhoud van onze website met zorg hebben samengesteld en onderhouden, aanvaarden wij geen aansprakelijkheid voor de actualiteit, volledigheid of kwaliteit van de op de website verstrekte informatie. Wij behouden ons het recht voor om individuele inhoud of de gehele website op elk gewenst moment te wijzigen, aan te vullen of te verwijderen.<\/p><p><strong>Auteursrecht en gebruiksrechten<\/strong><br \/>De inhoud van onze website is auteursrechtelijk beschermd. Gebruikers van onze website mogen de inhoud alleen ophalen, ongewijzigd afdrukken en\/of downloaden naar hun computer, op voorwaarde dat dit uitsluitend gebeurt voor persoonlijk, priv\u00e9- of niet-commercieel gebruik. Elk ander gebruik zonder onze uitdrukkelijke schriftelijke toestemming is verboden.<\/p><p><strong>E-mail contact<\/strong><br \/>We willen u erop wijzen dat wanneer u contact met ons opneemt via ons contactformulier op de website of per e-mail zonder encryptieprogramma's, de vertrouwelijkheid van de e-mail en ons antwoord niet kan worden gegarandeerd. Het gebruik van encryptieprogramma's vereist voorafgaande toestemming.<\/p><p>Status: 10.12.2014<\/p><\/div><\/div>\t\t\t\t\t\t\t\t<\/div>\n\t\t\t\t\t<\/div>\n\t\t\t\t<\/div>\n\t\t\t\t<\/div>","protected":false},"excerpt":{"rendered":"<p>Disclaimer Alltrucks GmbH &amp; Co. KG (\"Alltrucks\") spant zich naar beste vermogen in om de juistheid en volledigheid van de informatie op de pagina's van de website www.alltrucks.com (\"website\") te verzekeren, maar aanvaardt geen aansprakelijkheid voor de actualiteit, juistheid of volledigheid van de informatie op de pagina's van de website. Bovendien is Alltrucks niet verantwoordelijk voor [...]<\/p>","protected":false},"author":1,"featured_media":0,"parent":0,"menu_order":0,"comment_status":"closed","ping_status":"closed","template":"","meta":{"footnotes":""},"class_list":["post-790","page","type-page","status-publish","hentry"],"yoast_head":"<!-- This site is optimized with the Yoast SEO Premium plugin v26.3 (Yoast SEO v26.3) - https:\/\/yoast.com\/wordpress\/plugins\/seo\/ -->\n<title>Haftungsausschluss - Alltrucks Truck &amp; Trailer Service<\/title>\n<meta name=\"robots\" content=\"index, follow, max-snippet:-1, max-image-preview:large, max-video-preview:-1\" \/>\n<link rel=\"canonical\" href=\"https:\/\/www.alltrucks.com\/nl\/haftungsausschluss\/\" \/>\n<meta property=\"og:locale\" content=\"nl_NL\" \/>\n<meta property=\"og:type\" content=\"article\" \/>\n<meta property=\"og:title\" content=\"Haftungsausschluss\" \/>\n<meta property=\"og:description\" content=\"Haftungsausschluss Disclaimer Die Alltrucks GmbH &amp; Co. KG (\u201eAlltrucks&#8220;) ist nach besten Kr\u00e4ften bem\u00fcht, f\u00fcr die Richtigkeit und Vollst\u00e4ndigkeit der auf den Seiten der Web-Pr\u00e4senz www.alltrucks.com (\u201eWeb-Pr\u00e4senz&#8220;) verf\u00fcgbaren Informationen zu sorgen, \u00fcbernimmt jedoch keinerlei Gew\u00e4hr f\u00fcr die Aktualit\u00e4t, Richtigkeit oder Vollst\u00e4ndigkeit der auf den Seiten der Web-Pr\u00e4senz bereitgestellten Informationen. Alltrucks steht dar\u00fcber hinaus nicht f\u00fcr [&hellip;]\" \/>\n<meta property=\"og:url\" content=\"https:\/\/www.alltrucks.com\/nl\/haftungsausschluss\/\" \/>\n<meta property=\"og:site_name\" content=\"Alltrucks Truck &amp; Trailer Service\" \/>\n<meta property=\"article:publisher\" content=\"https:\/\/www.facebook.com\/alltrucksDE\/mentions\/?_rdr\" \/>\n<meta property=\"article:modified_time\" content=\"2026-02-06T15:19:49+00:00\" \/>\n<meta name=\"twitter:card\" content=\"summary_large_image\" \/>\n<meta name=\"twitter:label1\" content=\"Geschatte leestijd\" \/>\n\t<meta name=\"twitter:data1\" content=\"2 minuten\" \/>\n<script type=\"application\/ld+json\" class=\"yoast-schema-graph\">{\"@context\":\"https:\/\/schema.org\",\"@graph\":[{\"@type\":\"WebPage\",\"@id\":\"https:\/\/www.alltrucks.com\/haftungsausschluss\/\",\"url\":\"https:\/\/www.alltrucks.com\/haftungsausschluss\/\",\"name\":\"Haftungsausschluss - Alltrucks Truck &amp; Trailer Service\",\"isPartOf\":{\"@id\":\"https:\/\/www.alltrucks.com\/#website\"},\"datePublished\":\"2025-10-07T17:27:16+00:00\",\"dateModified\":\"2026-02-06T15:19:49+00:00\",\"breadcrumb\":{\"@id\":\"https:\/\/www.alltrucks.com\/haftungsausschluss\/#breadcrumb\"},\"inLanguage\":\"nl-NL\",\"potentialAction\":[{\"@type\":\"ReadAction\",\"target\":[\"https:\/\/www.alltrucks.com\/haftungsausschluss\/\"]}]},{\"@type\":\"BreadcrumbList\",\"@id\":\"https:\/\/www.alltrucks.com\/haftungsausschluss\/#breadcrumb\",\"itemListElement\":[{\"@type\":\"ListItem\",\"position\":1,\"name\":\"Startseite\",\"item\":\"https:\/\/www.alltrucks.com\/\"},{\"@type\":\"ListItem\",\"position\":2,\"name\":\"Haftungsausschluss\"}]},{\"@type\":\"WebSite\",\"@id\":\"https:\/\/www.alltrucks.com\/#website\",\"url\":\"https:\/\/www.alltrucks.com\/\",\"name\":\"Alltrucks Truck & Trailer Service\",\"description\":\"\",\"publisher\":{\"@id\":\"https:\/\/www.alltrucks.com\/#organization\"},\"potentialAction\":[{\"@type\":\"SearchAction\",\"target\":{\"@type\":\"EntryPoint\",\"urlTemplate\":\"https:\/\/www.alltrucks.com\/?s={search_term_string}\"},\"query-input\":{\"@type\":\"PropertyValueSpecification\",\"valueRequired\":true,\"valueName\":\"search_term_string\"}}],\"inLanguage\":\"nl-NL\"},{\"@type\":\"Organization\",\"@id\":\"https:\/\/www.alltrucks.com\/#organization\",\"name\":\"Alltrucks GmbH & Co. KG\",\"url\":\"https:\/\/www.alltrucks.com\/\",\"logo\":{\"@type\":\"ImageObject\",\"inLanguage\":\"nl-NL\",\"@id\":\"https:\/\/www.alltrucks.com\/#\/schema\/logo\/image\/\",\"url\":\"https:\/\/www.alltrucks.com\/wp-content\/uploads\/2025\/09\/Logo.svg\",\"contentUrl\":\"https:\/\/www.alltrucks.com\/wp-content\/uploads\/2025\/09\/Logo.svg\",\"width\":298,\"height\":65,\"caption\":\"Alltrucks GmbH & Co. KG\"},\"image\":{\"@id\":\"https:\/\/www.alltrucks.com\/#\/schema\/logo\/image\/\"},\"sameAs\":[\"https:\/\/www.facebook.com\/alltrucksDE\/mentions\/?_rdr\",\"https:\/\/de.linkedin.com\/company\/alltrucks\"]}]}<\/script>\n<!-- \/ Yoast SEO Premium plugin. -->","yoast_head_json":{"title":"Disclaimer - Alltrucks Truck &amp; Trailer Service","robots":{"index":"index","follow":"follow","max-snippet":"max-snippet:-1","max-image-preview":"max-image-preview:large","max-video-preview":"max-video-preview:-1"},"canonical":"https:\/\/www.alltrucks.com\/nl\/haftungsausschluss\/","og_locale":"nl_NL","og_type":"article","og_title":"Haftungsausschluss","og_description":"Haftungsausschluss Disclaimer Die Alltrucks GmbH &amp; Co. KG (\u201eAlltrucks&#8220;) ist nach besten Kr\u00e4ften bem\u00fcht, f\u00fcr die Richtigkeit und Vollst\u00e4ndigkeit der auf den Seiten der Web-Pr\u00e4senz www.alltrucks.com (\u201eWeb-Pr\u00e4senz&#8220;) verf\u00fcgbaren Informationen zu sorgen, \u00fcbernimmt jedoch keinerlei Gew\u00e4hr f\u00fcr die Aktualit\u00e4t, Richtigkeit oder Vollst\u00e4ndigkeit der auf den Seiten der Web-Pr\u00e4senz bereitgestellten Informationen. Alltrucks steht dar\u00fcber hinaus nicht f\u00fcr [&hellip;]","og_url":"https:\/\/www.alltrucks.com\/nl\/haftungsausschluss\/","og_site_name":"Alltrucks Truck &amp; Trailer Service","article_publisher":"https:\/\/www.facebook.com\/alltrucksDE\/mentions\/?_rdr","article_modified_time":"2026-02-06T15:19:49+00:00","twitter_card":"summary_large_image","twitter_misc":{"Geschatte leestijd":"2 minuten"},"schema":{"@context":"https:\/\/schema.org","@graph":[{"@type":"WebPage","@id":"https:\/\/www.alltrucks.com\/haftungsausschluss\/","url":"https:\/\/www.alltrucks.com\/haftungsausschluss\/","name":"Disclaimer - Alltrucks Truck &amp; Trailer Service","isPartOf":{"@id":"https:\/\/www.alltrucks.com\/#website"},"datePublished":"2025-10-07T17:27:16+00:00","dateModified":"2026-02-06T15:19:49+00:00","breadcrumb":{"@id":"https:\/\/www.alltrucks.com\/haftungsausschluss\/#breadcrumb"},"inLanguage":"nl-NL","potentialAction":[{"@type":"ReadAction","target":["https:\/\/www.alltrucks.com\/haftungsausschluss\/"]}]},{"@type":"BreadcrumbList","@id":"https:\/\/www.alltrucks.com\/haftungsausschluss\/#breadcrumb","itemListElement":[{"@type":"ListItem","position":1,"name":"Startseite","item":"https:\/\/www.alltrucks.com\/"},{"@type":"ListItem","position":2,"name":"Haftungsausschluss"}]},{"@type":"WebSite","@id":"https:\/\/www.alltrucks.com\/#website","url":"https:\/\/www.alltrucks.com\/","name":"Alltrucks Vrachtwagen &amp; Aanhangwagen Service","description":"","publisher":{"@id":"https:\/\/www.alltrucks.com\/#organization"},"potentialAction":[{"@type":"SearchAction","target":{"@type":"EntryPoint","urlTemplate":"https:\/\/www.alltrucks.com\/?s={search_term_string}"},"query-input":{"@type":"PropertyValueSpecification","valueRequired":true,"valueName":"search_term_string"}}],"inLanguage":"nl-NL"},{"@type":"Organization","@id":"https:\/\/www.alltrucks.com\/#organization","name":"Alltrucks GmbH &amp; Co. KG","url":"https:\/\/www.alltrucks.com\/","logo":{"@type":"ImageObject","inLanguage":"nl-NL","@id":"https:\/\/www.alltrucks.com\/#\/schema\/logo\/image\/","url":"https:\/\/www.alltrucks.com\/wp-content\/uploads\/2025\/09\/Logo.svg","contentUrl":"https:\/\/www.alltrucks.com\/wp-content\/uploads\/2025\/09\/Logo.svg","width":298,"height":65,"caption":"Alltrucks GmbH & Co. KG"},"image":{"@id":"https:\/\/www.alltrucks.com\/#\/schema\/logo\/image\/"},"sameAs":["https:\/\/www.facebook.com\/alltrucksDE\/mentions\/?_rdr","https:\/\/de.linkedin.com\/company\/alltrucks"]}]}},"_links":{"self":[{"href":"https:\/\/www.alltrucks.com\/nl\/wp-json\/wp\/v2\/pages\/790","targetHints":{"allow":["GET"]}}],"collection":[{"href":"https:\/\/www.alltrucks.com\/nl\/wp-json\/wp\/v2\/pages"}],"about":[{"href":"https:\/\/www.alltrucks.com\/nl\/wp-json\/wp\/v2\/types\/page"}],"author":[{"embeddable":true,"href":"https:\/\/www.alltrucks.com\/nl\/wp-json\/wp\/v2\/users\/1"}],"replies":[{"embeddable":true,"href":"https:\/\/www.alltrucks.com\/nl\/wp-json\/wp\/v2\/comments?post=790"}],"version-history":[{"count":7,"href":"https:\/\/www.alltrucks.com\/nl\/wp-json\/wp\/v2\/pages\/790\/revisions"}],"predecessor-version":[{"id":2208,"href":"https:\/\/www.alltrucks.com\/nl\/wp-json\/wp\/v2\/pages\/790\/revisions\/2208"}],"wp:attachment":[{"href":"https:\/\/www.alltrucks.com\/nl\/wp-json\/wp\/v2\/media?parent=790"}],"curies":[{"name":"wp","href":"https:\/\/api.w.org\/{rel}","templated":true}]}}