{"id":1366,"date":"2025-10-10T12:22:57","date_gmt":"2025-10-10T12:22:57","guid":{"rendered":"https:\/\/alltrucks.brandnew.media\/?page_id=1366"},"modified":"2026-02-06T14:52:38","modified_gmt":"2026-02-06T14:52:38","slug":"formular","status":"publish","type":"page","link":"https:\/\/www.alltrucks.com\/nl\/formular\/","title":{"rendered":"Formulier"},"content":{"rendered":"<div data-elementor-type=\"wp-page\" data-elementor-id=\"1366\" class=\"elementor elementor-1366\" data-elementor-post-type=\"page\">\n\t\t\t\t<div class=\"elementor-element elementor-element-41ab5e4 e-flex e-con-boxed e-con e-parent\" data-id=\"41ab5e4\" data-element_type=\"container\">\n\t\t\t\t\t<div class=\"e-con-inner\">\n\t\t\t\t<div class=\"elementor-element elementor-element-aaa877c elementor-widget elementor-widget-heading\" data-id=\"aaa877c\" data-element_type=\"widget\" data-widget_type=\"heading.default\">\n\t\t\t\t\t<h2 class=\"elementor-heading-title elementor-size-default\">Goede partnerschappen beginnen met een gesprek.<\/h2>\t\t\t\t<\/div>\n\t\t\t\t<div class=\"elementor-element elementor-element-abd091d elementor-widget elementor-widget-text-editor\" data-id=\"abd091d\" data-element_type=\"widget\" data-widget_type=\"text-editor.default\">\n\t\t\t\t\t\t\t\t\t<p>Laten we samen uitzoeken wat Alltrucks voor u kan doen. Of u nu een werkplaats, wagenparkbeheerder of gewoon ge\u00efnteresseerd bent - neem contact met ons op. Wij nemen zo snel mogelijk persoonlijk contact met u op.<\/p>\t\t\t\t\t\t\t\t<\/div>\n\t\t\t\t\t<\/div>\n\t\t\t\t<\/div>\n\t\t<div class=\"elementor-element elementor-element-ec47431 e-flex e-con-boxed e-con e-parent\" data-id=\"ec47431\" data-element_type=\"container\">\n\t\t\t\t\t<div class=\"e-con-inner\">\n\t\t\t\t<div class=\"elementor-element elementor-element-567a32c elementor-widget elementor-widget-shortcode\" data-id=\"567a32c\" data-element_type=\"widget\" data-widget_type=\"shortcode.default\">\n\t\t\t\t\t\t\t<div class=\"elementor-shortcode\"><style id=\"wpforms-css-vars-1346\">\n\t\t\t\t#wpforms-1346 {\n\t\t\t\t--wpforms-field-border-color: #00193E;\n--wpforms-field-border-color-spare: #00193E;\n--wpforms-field-text-color: #00193E;\n--wpforms-label-color: rgba(0, 0, 0, 0.85);\n--wpforms-label-sublabel-color: rgba(0, 0, 0, 0.55);\n--wpforms-button-background-color: #00B5E2;\n--wpforms-container-padding: 0px;\n--wpforms-container-border-width: 1px;\n--wpforms-container-border-radius: 3px;\n--wpforms-background-color: rgba(0, 0, 0, 0);\n--wpforms-field-size-input-height: 43px;\n--wpforms-field-size-input-spacing: 15px;\n--wpforms-field-size-font-size: 16px;\n--wpforms-field-size-line-height: 19px;\n--wpforms-field-size-padding-h: 14px;\n--wpforms-field-size-checkbox-size: 16px;\n--wpforms-field-size-sublabel-spacing: 5px;\n--wpforms-field-size-icon-size: 1;\n--wpforms-label-size-font-size: 16px;\n--wpforms-label-size-line-height: 19px;\n--wpforms-label-size-sublabel-font-size: 14px;\n--wpforms-label-size-sublabel-line-height: 17px;\n--wpforms-button-size-font-size: 17px;\n--wpforms-button-size-height: 41px;\n--wpforms-button-size-padding-h: 15px;\n--wpforms-button-size-margin-top: 10px;\n--wpforms-container-shadow-size-box-shadow: none;\n\t\t\t}\n\t\t\t<\/style><div class=\"wpforms-container wpforms-container-full wpforms-render-modern\" id=\"wpforms-1346\"><form id=\"wpforms-form-1346\" class=\"wpforms-validate wpforms-form wpforms-ajax-form\" data-formid=\"1346\" method=\"post\" enctype=\"multipart\/form-data\" action=\"\/nl\/wp-json\/wp\/v2\/pages\/1366\" data-token=\"047b39023ccc7bb858debbb02473bce1\" data-token-time=\"1776296523\" data-trp-original-action=\"\/nl\/wp-json\/wp\/v2\/pages\/1366\"><noscript class=\"wpforms-error-noscript\">Schakel JavaScript in uw browser in om dit formulier in te vullen.<\/noscript><div id=\"wpforms-error-noscript\" style=\"display: none;\">Schakel JavaScript in uw browser in om dit formulier in te vullen.<\/div><div class=\"wpforms-field-container\"><div id=\"wpforms-1346-field_1-container\" class=\"wpforms-field wpforms-field-name\" data-field-id=\"1\"><fieldset><legend class=\"wpforms-field-label\">Naam <span class=\"wpforms-required-label\" aria-hidden=\"true\">*<\/span><\/legend><div class=\"wpforms-field-row wpforms-field-medium\"><div class=\"wpforms-field-row-block wpforms-first wpforms-one-half\"><input type=\"text\" id=\"wpforms-1346-field_1\" class=\"wpforms-field-name-first wpforms-field-required\" name=\"wpforms[fields][1][first]\" aria-errormessage=\"wpforms-1346-field_1-error\" required><label for=\"wpforms-1346-field_1\" class=\"wpforms-field-sublabel after\">Voornaam<\/label><\/div><div class=\"wpforms-field-row-block wpforms-one-half\"><input type=\"text\" id=\"wpforms-1346-field_1-last\" class=\"wpforms-field-name-last wpforms-field-required\" name=\"wpforms[fields][1][last]\" aria-errormessage=\"wpforms-1346-field_1-last-error\" required><label for=\"wpforms-1346-field_1-last\" class=\"wpforms-field-sublabel after\">Achternaam<\/label><\/div><\/div><\/fieldset><\/div>\t\t<div id=\"wpforms-1346-field_5-container\"\n\t\t\tclass=\"wpforms-field wpforms-field-text\"\n\t\t\tdata-field-type=\"text\"\n\t\t\tdata-field-id=\"5\"\n\t\t\t>\n\t\t\t<label class=\"wpforms-field-label\" for=\"wpforms-1346-field_5\" >Commentaar Bericht Naam<\/label>\n\t\t\t<input type=\"text\" id=\"wpforms-1346-field_5\" class=\"wpforms-field-medium\" name=\"wpforms[fields][5]\" >\n\t\t<\/div>\n\t\t<div id=\"wpforms-1346-field_4-container\" class=\"wpforms-field wpforms-field-text\" data-field-id=\"4\"><label class=\"wpforms-field-label\" for=\"wpforms-1346-field_4\">Onderwerp <span class=\"wpforms-required-label\" aria-hidden=\"true\">*<\/span><\/label><input type=\"text\" id=\"wpforms-1346-field_4\" class=\"wpforms-field-medium wpforms-field-required\" name=\"wpforms[fields][4]\" aria-errormessage=\"wpforms-1346-field_4-error\" required><\/div><div id=\"wpforms-1346-field_2-container\" class=\"wpforms-field wpforms-field-email\" data-field-id=\"2\"><label class=\"wpforms-field-label\" for=\"wpforms-1346-field_2\">E-mailadres <span class=\"wpforms-required-label\" aria-hidden=\"true\">*<\/span><\/label><input type=\"email\" id=\"wpforms-1346-field_2\" class=\"wpforms-field-medium wpforms-field-required\" name=\"wpforms[fields][2]\" spellcheck=\"false\" aria-errormessage=\"wpforms-1346-field_2-error\" required><\/div><div id=\"wpforms-1346-field_3-container\" class=\"wpforms-field wpforms-field-textarea\" data-field-id=\"3\"><label class=\"wpforms-field-label\" for=\"wpforms-1346-field_3\">Commentaar of bericht<\/label><textarea id=\"wpforms-1346-field_3\" class=\"wpforms-field-medium\" name=\"wpforms[fields][3]\" aria-errormessage=\"wpforms-1346-field_3-error\" ><\/textarea><\/div><script>\n\t\t\t\t( function() {\n\t\t\t\t\tconst style = document.createElement( 'style' );\n\t\t\t\t\tstyle.appendChild( document.createTextNode( '#wpforms-1346-field_5-container { position: absolute !important; overflow: hidden !important; display: inline !important; height: 1px !important; width: 1px !important; z-index: -1000 !important; padding: 0 !important; } #wpforms-1346-field_5-container input { visibility: hidden; } #wpforms-conversational-form-page #wpforms-1346-field_5-container label { counter-increment: none; }' ) );\n\t\t\t\t\tdocument.head.appendChild( style );\n\t\t\t\t\tdocument.currentScript?.remove();\n\t\t\t\t} )();\n\t\t\t<\/script><\/div><!-- .wpforms-field-container --><div class=\"wpforms-submit-container\" ><input type=\"hidden\" name=\"wpforms[id]\" value=\"1346\"><input type=\"hidden\" name=\"page_title\" value=\"\"><input type=\"hidden\" name=\"page_url\" value=\"https:\/\/www.alltrucks.com\/nl\/wp-json\/wp\/v2\/pages\/1366\"><input type=\"hidden\" name=\"url_referer\" value=\"\"><button type=\"submit\" name=\"wpforms[submit]\" id=\"wpforms-submit-1346\" class=\"wpforms-submit\" data-alt-text=\"Wird gesendet\u00a0\u2026\" data-submit-text=\"Absenden\" aria-live=\"assertive\" value=\"wpforms-submit\">Verzenden<\/button><img decoding=\"async\" src=\"https:\/\/www.alltrucks.com\/wp-content\/plugins\/wpforms-lite\/assets\/images\/submit-spin.svg\" class=\"wpforms-submit-spinner\" style=\"display: none;\" width=\"26\" height=\"26\" alt=\"Aan het laden\"><\/div><input type=\"hidden\" name=\"trp-form-language\" value=\"nl\"\/><\/form><\/div>  <!-- .wpforms-container --><\/div>\n\t\t\t\t\t\t<\/div>\n\t\t\t\t<div class=\"elementor-element elementor-element-1635242 elementor-widget elementor-widget-text-editor\" data-id=\"1635242\" data-element_type=\"widget\" data-widget_type=\"text-editor.default\">\n\t\t\t\t\t\t\t\t\t<p>Door het bericht te verzenden, gaat u ermee akkoord dat we uw gegevens gebruiken om uw vraag te verwerken. Lees meer in ons privacybeleid.<\/p>\t\t\t\t\t\t\t\t<\/div>\n\t\t\t\t\t<\/div>\n\t\t\t\t<\/div>\n\t\t\t\t<\/div>","protected":false},"excerpt":{"rendered":"<p>Goede partnerships beginnen met een gesprek. Laten we samen uitzoeken wat Alltrucks voor u kan betekenen. Of u nu een werkplaats, wagenparkbeheerder of gewoon ge\u00efnteresseerd bent - neem contact met ons op. Wij nemen zo spoedig mogelijk persoonlijk contact met u op. Door het verzenden van het bericht, gaat u ermee akkoord dat wij uw gegevens kunnen gebruiken om [...]<\/p>","protected":false},"author":1,"featured_media":0,"parent":0,"menu_order":0,"comment_status":"closed","ping_status":"closed","template":"","meta":{"footnotes":""},"class_list":["post-1366","page","type-page","status-publish","hentry"],"yoast_head":"<!-- This site is optimized with the Yoast SEO Premium plugin v26.3 (Yoast SEO v26.3) - https:\/\/yoast.com\/wordpress\/plugins\/seo\/ -->\n<title>Formular - Alltrucks Truck &amp; Trailer Service<\/title>\n<meta name=\"robots\" content=\"index, follow, max-snippet:-1, max-image-preview:large, max-video-preview:-1\" \/>\n<link rel=\"canonical\" href=\"https:\/\/www.alltrucks.com\/nl\/formular\/\" \/>\n<meta property=\"og:locale\" content=\"nl_NL\" \/>\n<meta property=\"og:type\" content=\"article\" \/>\n<meta property=\"og:title\" content=\"Formular\" \/>\n<meta property=\"og:description\" content=\"Gute Partnerschaften beginnen mit einem Gespr\u00e4ch. Lassen Sie uns gemeinsam herausfinden, was Alltrucks f\u00fcr Sie bewegen kann. Egal, ob Sie Werkstatt, Flottenbetreiber oder einfach interessiert sind \u2013 nehmen Sie Kontakt mit uns auf. Wir melden uns schnellstm\u00f6glich pers\u00f6nlich bei Ihnen zur\u00fcck. Mit dem Abschicken der Nachricht stimmen Sie zu, dass wir Ihre Angaben zur Bearbeitung [&hellip;]\" \/>\n<meta property=\"og:url\" content=\"https:\/\/www.alltrucks.com\/nl\/formular\/\" \/>\n<meta property=\"og:site_name\" content=\"Alltrucks Truck &amp; Trailer Service\" \/>\n<meta property=\"article:publisher\" content=\"https:\/\/www.facebook.com\/alltrucksDE\/mentions\/?_rdr\" \/>\n<meta property=\"article:modified_time\" content=\"2026-02-06T14:52:38+00:00\" \/>\n<meta name=\"twitter:card\" content=\"summary_large_image\" \/>\n<meta name=\"twitter:label1\" content=\"Geschatte leestijd\" \/>\n\t<meta name=\"twitter:data1\" content=\"1 minuut\" \/>\n<script type=\"application\/ld+json\" class=\"yoast-schema-graph\">{\"@context\":\"https:\/\/schema.org\",\"@graph\":[{\"@type\":\"WebPage\",\"@id\":\"https:\/\/www.alltrucks.com\/formular\/\",\"url\":\"https:\/\/www.alltrucks.com\/formular\/\",\"name\":\"Formular - Alltrucks Truck &amp; Trailer Service\",\"isPartOf\":{\"@id\":\"https:\/\/www.alltrucks.com\/#website\"},\"datePublished\":\"2025-10-10T12:22:57+00:00\",\"dateModified\":\"2026-02-06T14:52:38+00:00\",\"breadcrumb\":{\"@id\":\"https:\/\/www.alltrucks.com\/formular\/#breadcrumb\"},\"inLanguage\":\"nl-NL\",\"potentialAction\":[{\"@type\":\"ReadAction\",\"target\":[\"https:\/\/www.alltrucks.com\/formular\/\"]}]},{\"@type\":\"BreadcrumbList\",\"@id\":\"https:\/\/www.alltrucks.com\/formular\/#breadcrumb\",\"itemListElement\":[{\"@type\":\"ListItem\",\"position\":1,\"name\":\"Startseite\",\"item\":\"https:\/\/www.alltrucks.com\/\"},{\"@type\":\"ListItem\",\"position\":2,\"name\":\"Formular\"}]},{\"@type\":\"WebSite\",\"@id\":\"https:\/\/www.alltrucks.com\/#website\",\"url\":\"https:\/\/www.alltrucks.com\/\",\"name\":\"Alltrucks Truck & Trailer Service\",\"description\":\"\",\"publisher\":{\"@id\":\"https:\/\/www.alltrucks.com\/#organization\"},\"potentialAction\":[{\"@type\":\"SearchAction\",\"target\":{\"@type\":\"EntryPoint\",\"urlTemplate\":\"https:\/\/www.alltrucks.com\/?s={search_term_string}\"},\"query-input\":{\"@type\":\"PropertyValueSpecification\",\"valueRequired\":true,\"valueName\":\"search_term_string\"}}],\"inLanguage\":\"nl-NL\"},{\"@type\":\"Organization\",\"@id\":\"https:\/\/www.alltrucks.com\/#organization\",\"name\":\"Alltrucks GmbH & Co. KG\",\"url\":\"https:\/\/www.alltrucks.com\/\",\"logo\":{\"@type\":\"ImageObject\",\"inLanguage\":\"nl-NL\",\"@id\":\"https:\/\/www.alltrucks.com\/#\/schema\/logo\/image\/\",\"url\":\"https:\/\/www.alltrucks.com\/wp-content\/uploads\/2025\/09\/Logo.svg\",\"contentUrl\":\"https:\/\/www.alltrucks.com\/wp-content\/uploads\/2025\/09\/Logo.svg\",\"width\":298,\"height\":65,\"caption\":\"Alltrucks GmbH & Co. KG\"},\"image\":{\"@id\":\"https:\/\/www.alltrucks.com\/#\/schema\/logo\/image\/\"},\"sameAs\":[\"https:\/\/www.facebook.com\/alltrucksDE\/mentions\/?_rdr\",\"https:\/\/de.linkedin.com\/company\/alltrucks\"]}]}<\/script>\n<!-- \/ Yoast SEO Premium plugin. -->","yoast_head_json":{"title":"Formulier - Alltrucks Truck &amp; Trailer Service","robots":{"index":"index","follow":"follow","max-snippet":"max-snippet:-1","max-image-preview":"max-image-preview:large","max-video-preview":"max-video-preview:-1"},"canonical":"https:\/\/www.alltrucks.com\/nl\/formular\/","og_locale":"nl_NL","og_type":"article","og_title":"Formular","og_description":"Gute Partnerschaften beginnen mit einem Gespr\u00e4ch. Lassen Sie uns gemeinsam herausfinden, was Alltrucks f\u00fcr Sie bewegen kann. Egal, ob Sie Werkstatt, Flottenbetreiber oder einfach interessiert sind \u2013 nehmen Sie Kontakt mit uns auf. Wir melden uns schnellstm\u00f6glich pers\u00f6nlich bei Ihnen zur\u00fcck. Mit dem Abschicken der Nachricht stimmen Sie zu, dass wir Ihre Angaben zur Bearbeitung [&hellip;]","og_url":"https:\/\/www.alltrucks.com\/nl\/formular\/","og_site_name":"Alltrucks Truck &amp; Trailer Service","article_publisher":"https:\/\/www.facebook.com\/alltrucksDE\/mentions\/?_rdr","article_modified_time":"2026-02-06T14:52:38+00:00","twitter_card":"summary_large_image","twitter_misc":{"Geschatte leestijd":"1 minuut"},"schema":{"@context":"https:\/\/schema.org","@graph":[{"@type":"WebPage","@id":"https:\/\/www.alltrucks.com\/formular\/","url":"https:\/\/www.alltrucks.com\/formular\/","name":"Formulier - Alltrucks Truck &amp; Trailer Service","isPartOf":{"@id":"https:\/\/www.alltrucks.com\/#website"},"datePublished":"2025-10-10T12:22:57+00:00","dateModified":"2026-02-06T14:52:38+00:00","breadcrumb":{"@id":"https:\/\/www.alltrucks.com\/formular\/#breadcrumb"},"inLanguage":"nl-NL","potentialAction":[{"@type":"ReadAction","target":["https:\/\/www.alltrucks.com\/formular\/"]}]},{"@type":"BreadcrumbList","@id":"https:\/\/www.alltrucks.com\/formular\/#breadcrumb","itemListElement":[{"@type":"ListItem","position":1,"name":"Startseite","item":"https:\/\/www.alltrucks.com\/"},{"@type":"ListItem","position":2,"name":"Formular"}]},{"@type":"WebSite","@id":"https:\/\/www.alltrucks.com\/#website","url":"https:\/\/www.alltrucks.com\/","name":"Alltrucks Vrachtwagen &amp; Aanhangwagen Service","description":"","publisher":{"@id":"https:\/\/www.alltrucks.com\/#organization"},"potentialAction":[{"@type":"SearchAction","target":{"@type":"EntryPoint","urlTemplate":"https:\/\/www.alltrucks.com\/?s={search_term_string}"},"query-input":{"@type":"PropertyValueSpecification","valueRequired":true,"valueName":"search_term_string"}}],"inLanguage":"nl-NL"},{"@type":"Organization","@id":"https:\/\/www.alltrucks.com\/#organization","name":"Alltrucks GmbH &amp; Co. KG","url":"https:\/\/www.alltrucks.com\/","logo":{"@type":"ImageObject","inLanguage":"nl-NL","@id":"https:\/\/www.alltrucks.com\/#\/schema\/logo\/image\/","url":"https:\/\/www.alltrucks.com\/wp-content\/uploads\/2025\/09\/Logo.svg","contentUrl":"https:\/\/www.alltrucks.com\/wp-content\/uploads\/2025\/09\/Logo.svg","width":298,"height":65,"caption":"Alltrucks GmbH & Co. KG"},"image":{"@id":"https:\/\/www.alltrucks.com\/#\/schema\/logo\/image\/"},"sameAs":["https:\/\/www.facebook.com\/alltrucksDE\/mentions\/?_rdr","https:\/\/de.linkedin.com\/company\/alltrucks"]}]}},"_links":{"self":[{"href":"https:\/\/www.alltrucks.com\/nl\/wp-json\/wp\/v2\/pages\/1366","targetHints":{"allow":["GET"]}}],"collection":[{"href":"https:\/\/www.alltrucks.com\/nl\/wp-json\/wp\/v2\/pages"}],"about":[{"href":"https:\/\/www.alltrucks.com\/nl\/wp-json\/wp\/v2\/types\/page"}],"author":[{"embeddable":true,"href":"https:\/\/www.alltrucks.com\/nl\/wp-json\/wp\/v2\/users\/1"}],"replies":[{"embeddable":true,"href":"https:\/\/www.alltrucks.com\/nl\/wp-json\/wp\/v2\/comments?post=1366"}],"version-history":[{"count":13,"href":"https:\/\/www.alltrucks.com\/nl\/wp-json\/wp\/v2\/pages\/1366\/revisions"}],"predecessor-version":[{"id":2191,"href":"https:\/\/www.alltrucks.com\/nl\/wp-json\/wp\/v2\/pages\/1366\/revisions\/2191"}],"wp:attachment":[{"href":"https:\/\/www.alltrucks.com\/nl\/wp-json\/wp\/v2\/media?parent=1366"}],"curies":[{"name":"wp","href":"https:\/\/api.w.org\/{rel}","templated":true}]}}