{"id":790,"date":"2025-10-07T17:27:16","date_gmt":"2025-10-07T17:27:16","guid":{"rendered":"https:\/\/alltrucks.brandnew.media\/?page_id=790"},"modified":"2026-02-06T15:19:49","modified_gmt":"2026-02-06T15:19:49","slug":"haftungsausschluss","status":"publish","type":"page","link":"https:\/\/www.alltrucks.com\/lt\/haftungsausschluss\/","title":{"rendered":"Atsakomyb\u0117s apribojimas"},"content":{"rendered":"<div data-elementor-type=\"wp-page\" data-elementor-id=\"790\" class=\"elementor elementor-790\" data-elementor-post-type=\"page\">\n\t\t\t\t<div class=\"elementor-element elementor-element-1f285de e-flex e-con-boxed e-con e-parent\" data-id=\"1f285de\" data-element_type=\"container\">\n\t\t\t\t\t<div class=\"e-con-inner\">\n\t\t\t\t<div class=\"elementor-element elementor-element-0e27537 elementor-widget elementor-widget-heading\" data-id=\"0e27537\" data-element_type=\"widget\" data-widget_type=\"heading.default\">\n\t\t\t\t\t<h1 class=\"elementor-heading-title elementor-size-default\"><h3 class=\"headline-50 brand-logo\"><span>Atsakomyb\u0117s apribojimas<\/span><\/h3><\/h1>\t\t\t\t<\/div>\n\t\t\t\t<div class=\"elementor-element elementor-element-5b2ab6c elementor-widget elementor-widget-text-editor\" data-id=\"5b2ab6c\" data-element_type=\"widget\" data-widget_type=\"text-editor.default\">\n\t\t\t\t\t\t\t\t\t<div class=\"text-full\"><div class=\"rte-text\"><p><strong>Atsakomyb\u0117s apribojimas<\/strong><\/p><p>Alltrucks GmbH &amp; Co. KG (toliau - \"Alltrucks\") pagal savo galimybes stengiasi u\u017etikrinti interneto svetain\u0117s www.alltrucks.com (toliau - svetain\u0117) puslapiuose pateikiamos informacijos tikslum\u0105 ir i\u0161samum\u0105, ta\u010diau neprisiima jokios atsakomyb\u0117s u\u017e svetain\u0117s puslapiuose pateikiamos informacijos aktualum\u0105, tikslum\u0105 ar i\u0161samum\u0105. Be to, \"Alltrucks\" neatsako u\u017e i\u0161orini\u0173 interneto svetaini\u0173, \u012f kurias svetain\u0117je tiesiogiai ar netiesiogiai nukreipia hipersaitai ir kurios nepriklauso \"Alltrucks\" atsakomyb\u0117s sri\u010diai, turin\u012f.<\/p><p>\"Alltrucks\" ai\u0161kiai pasilieka teis\u0119 keisti, papildyti ar i\u0161trinti vis\u0105 ar dal\u012f svetain\u0117s be i\u0161ankstinio \u012fsp\u0117jimo arba laikinai ar visam laikui nutraukti jos skelbim\u0105. Svetain\u0117s puslapiuose pateikiam\u0105 turin\u012f saugo autori\u0173 teis\u0117s. \u0160\u012f turin\u012f atgaminti ar naudoti tre\u010diosioms \u0161alims bet kokia forma be ai\u0161kaus \"Alltrucks\" sutikimo neleid\u017eiama; nor\u0117dami gauti tok\u012f sutikim\u0105, kreipkit\u0117s \u012f teisiniame prane\u0161ime nurodyt\u0105 asmen\u012f.<\/p><p>\u0160is atsakomyb\u0117s atsisakymas laikomas svetain\u0117s dalimi. Jei \u0161ios atsakomyb\u0117s ribojimo nuostatos dalys ar atskiros formuluot\u0117s neatitinka, nebeatitinka arba nevisi\u0161kai atitinka galiojan\u010di\u0105 teisin\u0119 situacij\u0105, likusi\u0173 dokumento dali\u0173 turinys ir galiojimas lieka nepakit\u0119s.<\/p><p><strong>Naudojimo s\u0105lygos<\/strong><\/p><p>Naudojimasis m\u016bs\u0173 svetaine ir jos turiniu priklauso nuo \u0161i\u0173 s\u0105lyg\u0173:<\/p><p><strong>Svetain\u0117s turinys<\/strong><br \/>Nors mes kruop\u0161\u010diai suk\u016br\u0117me ir pri\u017ei\u016brime savo svetain\u0117s turin\u012f, neprisiimame jokios atsakomyb\u0117s u\u017e svetain\u0117je pateiktos informacijos aktualum\u0105, i\u0161samum\u0105 ar kokyb\u0119. Pasiliekame teis\u0119 bet kuriuo metu keisti, papildyti ar i\u0161trinti atskir\u0105 turin\u012f arba vis\u0105 svetain\u0119.<\/p><p><strong>Autori\u0173 teis\u0117s ir naudojimo teis\u0117s<\/strong><br \/>M\u016bs\u0173 svetain\u0117s turin\u012f saugo autori\u0173 teis\u0117s. M\u016bs\u0173 svetain\u0117s naudotojams leid\u017eiama tik skaityti turin\u012f, spausdinti j\u012f nepakeist\u0105 ir (arba) atsisi\u0173sti \u012f savo kompiuter\u012f, jei tai daroma tik asmeniniam, priva\u010diam ar nekomerciniam naudojimui. Bet koks kitas naudojimas be m\u016bs\u0173 ai\u0161kaus ra\u0161ti\u0161ko sutikimo yra draud\u017eiamas.<\/p><p><strong>El. pa\u0161tas<\/strong><br \/>Nor\u0117tume atkreipti d\u0117mes\u012f \u012f tai, kad susisiekus su mumis per svetain\u0117je esan\u010di\u0105 kontaktin\u0119 form\u0105 arba el. pa\u0161tu be \u0161ifravimo program\u0173, el. lai\u0161ko ir m\u016bs\u0173 atsakymo konfidencialumas negali b\u016bti u\u017etikrintas. D\u0117l \u0161ifravimo program\u0173 naudojimo reikia i\u0161 anksto susitarti.<\/p><p>B\u016bkl\u0117: 2014 12 10<\/p><\/div><\/div>\t\t\t\t\t\t\t\t<\/div>\n\t\t\t\t\t<\/div>\n\t\t\t\t<\/div>\n\t\t\t\t<\/div>","protected":false},"excerpt":{"rendered":"<p>Atsakomyb\u0117s apribojimas Alltrucks GmbH &amp; Co. KG (\"Alltrucks\") pagal savo galimybes stengiasi u\u017etikrinti interneto svetain\u0117s www.alltrucks.com (toliau - svetain\u0117) puslapiuose pateikiamos informacijos tikslum\u0105 ir i\u0161samum\u0105, ta\u010diau neprisiima jokios atsakomyb\u0117s u\u017e svetain\u0117s puslapiuose pateikiamos informacijos aktualum\u0105, tikslum\u0105 ar i\u0161samum\u0105. Be to, \"Alltrucks\" neatsako u\u017e [...]<\/p>","protected":false},"author":1,"featured_media":0,"parent":0,"menu_order":0,"comment_status":"closed","ping_status":"closed","template":"","meta":{"footnotes":""},"class_list":["post-790","page","type-page","status-publish","hentry"],"yoast_head":"<!-- This site is optimized with the Yoast SEO Premium plugin v26.3 (Yoast SEO v26.3) - https:\/\/yoast.com\/wordpress\/plugins\/seo\/ -->\n<title>Haftungsausschluss - Alltrucks Truck &amp; Trailer Service<\/title>\n<meta name=\"robots\" content=\"index, follow, max-snippet:-1, max-image-preview:large, max-video-preview:-1\" \/>\n<link rel=\"canonical\" href=\"https:\/\/www.alltrucks.com\/lt\/haftungsausschluss\/\" \/>\n<meta property=\"og:locale\" content=\"lt_LT\" \/>\n<meta property=\"og:type\" content=\"article\" \/>\n<meta property=\"og:title\" content=\"Haftungsausschluss\" \/>\n<meta property=\"og:description\" content=\"Haftungsausschluss Disclaimer Die Alltrucks GmbH &amp; Co. KG (\u201eAlltrucks&#8220;) ist nach besten Kr\u00e4ften bem\u00fcht, f\u00fcr die Richtigkeit und Vollst\u00e4ndigkeit der auf den Seiten der Web-Pr\u00e4senz www.alltrucks.com (\u201eWeb-Pr\u00e4senz&#8220;) verf\u00fcgbaren Informationen zu sorgen, \u00fcbernimmt jedoch keinerlei Gew\u00e4hr f\u00fcr die Aktualit\u00e4t, Richtigkeit oder Vollst\u00e4ndigkeit der auf den Seiten der Web-Pr\u00e4senz bereitgestellten Informationen. Alltrucks steht dar\u00fcber hinaus nicht f\u00fcr [&hellip;]\" \/>\n<meta property=\"og:url\" content=\"https:\/\/www.alltrucks.com\/lt\/haftungsausschluss\/\" \/>\n<meta property=\"og:site_name\" content=\"Alltrucks Truck &amp; Trailer Service\" \/>\n<meta property=\"article:publisher\" content=\"https:\/\/www.facebook.com\/alltrucksDE\/mentions\/?_rdr\" \/>\n<meta property=\"article:modified_time\" content=\"2026-02-06T15:19:49+00:00\" \/>\n<meta name=\"twitter:card\" content=\"summary_large_image\" \/>\n<meta name=\"twitter:label1\" content=\"Est. reading time\" \/>\n\t<meta name=\"twitter:data1\" content=\"2 minut\u0117s\" \/>\n<script type=\"application\/ld+json\" class=\"yoast-schema-graph\">{\"@context\":\"https:\/\/schema.org\",\"@graph\":[{\"@type\":\"WebPage\",\"@id\":\"https:\/\/www.alltrucks.com\/haftungsausschluss\/\",\"url\":\"https:\/\/www.alltrucks.com\/haftungsausschluss\/\",\"name\":\"Haftungsausschluss - Alltrucks Truck &amp; Trailer Service\",\"isPartOf\":{\"@id\":\"https:\/\/www.alltrucks.com\/#website\"},\"datePublished\":\"2025-10-07T17:27:16+00:00\",\"dateModified\":\"2026-02-06T15:19:49+00:00\",\"breadcrumb\":{\"@id\":\"https:\/\/www.alltrucks.com\/haftungsausschluss\/#breadcrumb\"},\"inLanguage\":\"lt-LT\",\"potentialAction\":[{\"@type\":\"ReadAction\",\"target\":[\"https:\/\/www.alltrucks.com\/haftungsausschluss\/\"]}]},{\"@type\":\"BreadcrumbList\",\"@id\":\"https:\/\/www.alltrucks.com\/haftungsausschluss\/#breadcrumb\",\"itemListElement\":[{\"@type\":\"ListItem\",\"position\":1,\"name\":\"Startseite\",\"item\":\"https:\/\/www.alltrucks.com\/\"},{\"@type\":\"ListItem\",\"position\":2,\"name\":\"Haftungsausschluss\"}]},{\"@type\":\"WebSite\",\"@id\":\"https:\/\/www.alltrucks.com\/#website\",\"url\":\"https:\/\/www.alltrucks.com\/\",\"name\":\"Alltrucks Truck & Trailer Service\",\"description\":\"\",\"publisher\":{\"@id\":\"https:\/\/www.alltrucks.com\/#organization\"},\"potentialAction\":[{\"@type\":\"SearchAction\",\"target\":{\"@type\":\"EntryPoint\",\"urlTemplate\":\"https:\/\/www.alltrucks.com\/?s={search_term_string}\"},\"query-input\":{\"@type\":\"PropertyValueSpecification\",\"valueRequired\":true,\"valueName\":\"search_term_string\"}}],\"inLanguage\":\"lt-LT\"},{\"@type\":\"Organization\",\"@id\":\"https:\/\/www.alltrucks.com\/#organization\",\"name\":\"Alltrucks GmbH & Co. KG\",\"url\":\"https:\/\/www.alltrucks.com\/\",\"logo\":{\"@type\":\"ImageObject\",\"inLanguage\":\"lt-LT\",\"@id\":\"https:\/\/www.alltrucks.com\/#\/schema\/logo\/image\/\",\"url\":\"https:\/\/www.alltrucks.com\/wp-content\/uploads\/2025\/09\/Logo.svg\",\"contentUrl\":\"https:\/\/www.alltrucks.com\/wp-content\/uploads\/2025\/09\/Logo.svg\",\"width\":298,\"height\":65,\"caption\":\"Alltrucks GmbH & Co. KG\"},\"image\":{\"@id\":\"https:\/\/www.alltrucks.com\/#\/schema\/logo\/image\/\"},\"sameAs\":[\"https:\/\/www.facebook.com\/alltrucksDE\/mentions\/?_rdr\",\"https:\/\/de.linkedin.com\/company\/alltrucks\"]}]}<\/script>\n<!-- \/ Yoast SEO Premium plugin. -->","yoast_head_json":{"title":"Atsakomyb\u0117s apribojimas - Alltrucks Truck &amp; Trailer Service","robots":{"index":"index","follow":"follow","max-snippet":"max-snippet:-1","max-image-preview":"max-image-preview:large","max-video-preview":"max-video-preview:-1"},"canonical":"https:\/\/www.alltrucks.com\/lt\/haftungsausschluss\/","og_locale":"lt_LT","og_type":"article","og_title":"Haftungsausschluss","og_description":"Haftungsausschluss Disclaimer Die Alltrucks GmbH &amp; Co. KG (\u201eAlltrucks&#8220;) ist nach besten Kr\u00e4ften bem\u00fcht, f\u00fcr die Richtigkeit und Vollst\u00e4ndigkeit der auf den Seiten der Web-Pr\u00e4senz www.alltrucks.com (\u201eWeb-Pr\u00e4senz&#8220;) verf\u00fcgbaren Informationen zu sorgen, \u00fcbernimmt jedoch keinerlei Gew\u00e4hr f\u00fcr die Aktualit\u00e4t, Richtigkeit oder Vollst\u00e4ndigkeit der auf den Seiten der Web-Pr\u00e4senz bereitgestellten Informationen. Alltrucks steht dar\u00fcber hinaus nicht f\u00fcr [&hellip;]","og_url":"https:\/\/www.alltrucks.com\/lt\/haftungsausschluss\/","og_site_name":"Alltrucks Truck &amp; Trailer Service","article_publisher":"https:\/\/www.facebook.com\/alltrucksDE\/mentions\/?_rdr","article_modified_time":"2026-02-06T15:19:49+00:00","twitter_card":"summary_large_image","twitter_misc":{"Est. reading time":"2 minut\u0117s"},"schema":{"@context":"https:\/\/schema.org","@graph":[{"@type":"WebPage","@id":"https:\/\/www.alltrucks.com\/haftungsausschluss\/","url":"https:\/\/www.alltrucks.com\/haftungsausschluss\/","name":"Atsakomyb\u0117s apribojimas - Alltrucks Truck &amp; Trailer Service","isPartOf":{"@id":"https:\/\/www.alltrucks.com\/#website"},"datePublished":"2025-10-07T17:27:16+00:00","dateModified":"2026-02-06T15:19:49+00:00","breadcrumb":{"@id":"https:\/\/www.alltrucks.com\/haftungsausschluss\/#breadcrumb"},"inLanguage":"lt-LT","potentialAction":[{"@type":"ReadAction","target":["https:\/\/www.alltrucks.com\/haftungsausschluss\/"]}]},{"@type":"BreadcrumbList","@id":"https:\/\/www.alltrucks.com\/haftungsausschluss\/#breadcrumb","itemListElement":[{"@type":"ListItem","position":1,"name":"Startseite","item":"https:\/\/www.alltrucks.com\/"},{"@type":"ListItem","position":2,"name":"Haftungsausschluss"}]},{"@type":"WebSite","@id":"https:\/\/www.alltrucks.com\/#website","url":"https:\/\/www.alltrucks.com\/","name":"\"Alltrucks Truck &amp; Trailer Service","description":"","publisher":{"@id":"https:\/\/www.alltrucks.com\/#organization"},"potentialAction":[{"@type":"SearchAction","target":{"@type":"EntryPoint","urlTemplate":"https:\/\/www.alltrucks.com\/?s={search_term_string}"},"query-input":{"@type":"PropertyValueSpecification","valueRequired":true,"valueName":"search_term_string"}}],"inLanguage":"lt-LT"},{"@type":"Organization","@id":"https:\/\/www.alltrucks.com\/#organization","name":"Alltrucks GmbH &amp; Co. KG","url":"https:\/\/www.alltrucks.com\/","logo":{"@type":"ImageObject","inLanguage":"lt-LT","@id":"https:\/\/www.alltrucks.com\/#\/schema\/logo\/image\/","url":"https:\/\/www.alltrucks.com\/wp-content\/uploads\/2025\/09\/Logo.svg","contentUrl":"https:\/\/www.alltrucks.com\/wp-content\/uploads\/2025\/09\/Logo.svg","width":298,"height":65,"caption":"Alltrucks GmbH & Co. KG"},"image":{"@id":"https:\/\/www.alltrucks.com\/#\/schema\/logo\/image\/"},"sameAs":["https:\/\/www.facebook.com\/alltrucksDE\/mentions\/?_rdr","https:\/\/de.linkedin.com\/company\/alltrucks"]}]}},"_links":{"self":[{"href":"https:\/\/www.alltrucks.com\/lt\/wp-json\/wp\/v2\/pages\/790","targetHints":{"allow":["GET"]}}],"collection":[{"href":"https:\/\/www.alltrucks.com\/lt\/wp-json\/wp\/v2\/pages"}],"about":[{"href":"https:\/\/www.alltrucks.com\/lt\/wp-json\/wp\/v2\/types\/page"}],"author":[{"embeddable":true,"href":"https:\/\/www.alltrucks.com\/lt\/wp-json\/wp\/v2\/users\/1"}],"replies":[{"embeddable":true,"href":"https:\/\/www.alltrucks.com\/lt\/wp-json\/wp\/v2\/comments?post=790"}],"version-history":[{"count":7,"href":"https:\/\/www.alltrucks.com\/lt\/wp-json\/wp\/v2\/pages\/790\/revisions"}],"predecessor-version":[{"id":2208,"href":"https:\/\/www.alltrucks.com\/lt\/wp-json\/wp\/v2\/pages\/790\/revisions\/2208"}],"wp:attachment":[{"href":"https:\/\/www.alltrucks.com\/lt\/wp-json\/wp\/v2\/media?parent=790"}],"curies":[{"name":"wp","href":"https:\/\/api.w.org\/{rel}","templated":true}]}}