{"id":2222,"date":"2026-02-09T13:41:12","date_gmt":"2026-02-09T13:41:12","guid":{"rendered":"https:\/\/www.alltrucks.com\/?page_id=2222"},"modified":"2026-02-24T15:37:12","modified_gmt":"2026-02-24T15:37:12","slug":"testbeitrag","status":"publish","type":"page","link":"https:\/\/www.alltrucks.com\/lt\/testbeitrag\/","title":{"rendered":"Vertimo puslapis"},"content":{"rendered":"<div data-elementor-type=\"wp-page\" data-elementor-id=\"2222\" class=\"elementor elementor-2222\" data-elementor-post-type=\"page\">\n\t\t\t\t<div class=\"elementor-element elementor-element-7954541 e-flex e-con-boxed e-con e-parent\" data-id=\"7954541\" data-element_type=\"container\">\n\t\t\t\t\t<div class=\"e-con-inner\">\n\t\t\t\t<div class=\"elementor-element elementor-element-d251acf elementor-widget elementor-widget-text-editor\" data-id=\"d251acf\" data-element_type=\"widget\" data-widget_type=\"text-editor.default\">\n\t\t\t\t\t\t\t\t\t<p>Bandymas 123<\/p><p>Pirmadieniais<\/p><p>Antradienis<\/p><p>Tre\u010diadienis<\/p><p>Ketvirtadienis<\/p><p>Penktadienis<\/p><p>\u0160e\u0161tadieniais<\/p><p>Sekmadienis<\/p><p>Sunkve\u017eimis<\/p><p>MAN sunkve\u017eimis<\/p><p>Lenkija<\/p><p>Jungtin\u0117 Karalyst\u0117<\/p><p>Valdymas<\/p><p>Svetain\u0117s vadovas<\/p><p>Dirbtuvi\u0173 vadovas<\/p><p>Paslaug\u0173 vadybininkas<\/p><p>Paslaug\u0173 konsultantas<\/p><p>Meistras amatininkas<\/p><p>Montuotojas<\/p><p>Sand\u0117lis<\/p><p>Pardavim\u0173 vadybininkas<\/p><p>Rinkodara<\/p><p>Mokymas<\/p><p>IT<\/p><p>Asistentas<\/p><p>Sekretorius<\/p><p>Auditas<\/p><p>Vis\u0173 sunkve\u017eimi\u0173 vadybininkas<\/p><p>Apskaita<\/p><p>AT Transporto priemon\u0117s paie\u0161ka Atsakingas asmuo<\/p><p>Vis\u0173 sunkve\u017eimi\u0173 technikos vadybininkas<\/p><p>Kontaktinis asmuo<\/p><p>Workshopfinder Kontaktinis asmuo<\/p><p>PKW<\/p><p>\u017dem\u0117s \u016bkis<\/p><p>Pramon\u0117<\/p><p>Sunkve\u017eimis<\/p><p>Miesto ir tolimojo susisiekimo autobusai<\/p><p>Priekaba<\/p><p>LCV<\/p><p>Pasi\u0117mimo ir pristatymo paslauga<\/p><p>Specialios konversijos<\/p><p>UVV patikrinimas<\/p><p>Priedai<\/p><p>Transporto priemoni\u0173 nuoma<\/p><p>Nelaiming\u0173 atsitikim\u0173 gydymas<\/p><p>Stabd\u017ei\u0173 prie\u017ei\u016bra<\/p><p>Elektronikos paslaugos<\/p><p>\u012estatymuose numatyti patikrinimai (AUT)<\/p><p>Hidraulin\u0117 prie\u017ei\u016bra<\/p><p>KB garantija<\/p><p>Rat\u0173 suvedimas<\/p><p>Padang\u0173 prie\u017ei\u016bra<\/p><p>R\u0117mo derinimas<\/p><p>Oro kondicionavimo sistemos ir pagalbiniai \u0161ildytuvai<\/p><p>Mobili aptarnavimo transporto priemon\u0117<\/p><p>Variklio ir pavar\u0173 d\u0117\u017e\u0117s remontas<\/p><p>Tachometro ir tachografo tikrinimas<\/p><p>Paruo\u0161imas<\/p><p>Automobili\u0173 plovykla<\/p><p>Stiklo paslaugos<\/p><p>Automobili\u0173 k\u0117bulo darbai<\/p><p>Va\u017eiuokl\u0117<\/p><p>Saugos patikrinimas (SP)<\/p><p>Telematika<\/p><p>Uodegos keltuvai<\/p><p>Auk\u0161tos \u012ftampos paslauga<\/p><p>\"Alltrucks\" aptarnavimas vis\u0105 par\u0105<\/p><p>k\u0105 tik atidarytas<\/p><p>Krone<\/p><p>\u2713 Krone<\/p>\t\t\t\t\t\t\t\t<\/div>\n\t\t\t\t\t<\/div>\n\t\t\t\t<\/div>\n\t\t\t\t<\/div>","protected":false},"excerpt":{"rendered":"<p>Testas 123 Pirmadienis Antradienis Tre\u010diadienis Ketvirtadienis Penktadienis \u0160e\u0161tadienis Sunkve\u017eimiai MAN Truck Lenkija Jungtin\u0117 Karalyst\u0117 Vadovyb\u0117 Darboviet\u0117s vadovas Dirbtuvi\u0173 vadovas Serviso vadovas Serviso vadovas Serviso patar\u0117jas Meistras Montuotojas Sand\u0117lis Pardavimai Rinkodara Mokymai IT Asistentas Sekretorius Auditas Alltrucks Atsakingas Apskaita AT Transporto priemoni\u0173 paie\u0161ka Atsakingas Alltrucks Techninis Atsakingas Kontaktai Workshopfinder Kontaktinis asmuo Automobilis \u017dem\u0117s \u016bkis Pramon\u0117 Sunkve\u017eimiai Autobusai Priekabos LCV Pasikrovimo ir pristatymo paslaugos Special\u016bs pertvarkymai UVV Ap\u017ei\u016bra [...]<\/p>","protected":false},"author":1,"featured_media":0,"parent":0,"menu_order":0,"comment_status":"closed","ping_status":"closed","template":"","meta":{"footnotes":""},"class_list":["post-2222","page","type-page","status-publish","hentry"],"yoast_head":"<!-- This site is optimized with the Yoast SEO Premium plugin v26.3 (Yoast SEO v26.3) - https:\/\/yoast.com\/wordpress\/plugins\/seo\/ -->\n<title>Translation Page - Alltrucks Truck &amp; Trailer Service<\/title>\n<meta name=\"robots\" content=\"index, follow, max-snippet:-1, max-image-preview:large, max-video-preview:-1\" \/>\n<link rel=\"canonical\" href=\"https:\/\/www.alltrucks.com\/lt\/testbeitrag\/\" \/>\n<meta property=\"og:locale\" content=\"lt_LT\" \/>\n<meta property=\"og:type\" content=\"article\" \/>\n<meta property=\"og:title\" content=\"Translation Page\" \/>\n<meta property=\"og:description\" content=\"Test 123 Mo Di Mi Do Fr Sa So Lkw MAN Truck Polen Vereinigtes K\u00f6nigreich Gesch\u00e4ftsleitung Standortleiter Werkstattleiter Serviceleiter Serviceberater Meister Monteur Lager Vertrieb Marketing Training IT Assistent*in Sekret\u00e4rin Audit Alltrucksverantwortlicher Buchhaltung AT Fahrzeugsuche Verantwortlicher Alltrucks Technik Verantwortlicher Ansprechpartner Workshopfinder Contact person PKW Landwirtschaft Industrie Lkw Omnibusse Trailer LCV Abhol- und Lieferservice Sonderumbauten UVV Inspektion [&hellip;]\" \/>\n<meta property=\"og:url\" content=\"https:\/\/www.alltrucks.com\/lt\/testbeitrag\/\" \/>\n<meta property=\"og:site_name\" content=\"Alltrucks Truck &amp; Trailer Service\" \/>\n<meta property=\"article:publisher\" content=\"https:\/\/www.facebook.com\/alltrucksDE\/mentions\/?_rdr\" \/>\n<meta property=\"article:modified_time\" content=\"2026-02-24T15:37:12+00:00\" \/>\n<meta name=\"twitter:card\" content=\"summary_large_image\" \/>\n<meta name=\"twitter:label1\" content=\"Est. reading time\" \/>\n\t<meta name=\"twitter:data1\" content=\"1 minut\u0117\" \/>\n<script type=\"application\/ld+json\" class=\"yoast-schema-graph\">{\"@context\":\"https:\/\/schema.org\",\"@graph\":[{\"@type\":\"WebPage\",\"@id\":\"https:\/\/www.alltrucks.com\/testbeitrag\/\",\"url\":\"https:\/\/www.alltrucks.com\/testbeitrag\/\",\"name\":\"Translation Page - Alltrucks Truck &amp; Trailer Service\",\"isPartOf\":{\"@id\":\"https:\/\/www.alltrucks.com\/#website\"},\"datePublished\":\"2026-02-09T13:41:12+00:00\",\"dateModified\":\"2026-02-24T15:37:12+00:00\",\"breadcrumb\":{\"@id\":\"https:\/\/www.alltrucks.com\/testbeitrag\/#breadcrumb\"},\"inLanguage\":\"lt-LT\",\"potentialAction\":[{\"@type\":\"ReadAction\",\"target\":[\"https:\/\/www.alltrucks.com\/testbeitrag\/\"]}]},{\"@type\":\"BreadcrumbList\",\"@id\":\"https:\/\/www.alltrucks.com\/testbeitrag\/#breadcrumb\",\"itemListElement\":[{\"@type\":\"ListItem\",\"position\":1,\"name\":\"Startseite\",\"item\":\"https:\/\/www.alltrucks.com\/\"},{\"@type\":\"ListItem\",\"position\":2,\"name\":\"Translation Page\"}]},{\"@type\":\"WebSite\",\"@id\":\"https:\/\/www.alltrucks.com\/#website\",\"url\":\"https:\/\/www.alltrucks.com\/\",\"name\":\"Alltrucks Truck & Trailer Service\",\"description\":\"\",\"publisher\":{\"@id\":\"https:\/\/www.alltrucks.com\/#organization\"},\"potentialAction\":[{\"@type\":\"SearchAction\",\"target\":{\"@type\":\"EntryPoint\",\"urlTemplate\":\"https:\/\/www.alltrucks.com\/?s={search_term_string}\"},\"query-input\":{\"@type\":\"PropertyValueSpecification\",\"valueRequired\":true,\"valueName\":\"search_term_string\"}}],\"inLanguage\":\"lt-LT\"},{\"@type\":\"Organization\",\"@id\":\"https:\/\/www.alltrucks.com\/#organization\",\"name\":\"Alltrucks GmbH & Co. KG\",\"url\":\"https:\/\/www.alltrucks.com\/\",\"logo\":{\"@type\":\"ImageObject\",\"inLanguage\":\"lt-LT\",\"@id\":\"https:\/\/www.alltrucks.com\/#\/schema\/logo\/image\/\",\"url\":\"https:\/\/www.alltrucks.com\/wp-content\/uploads\/2025\/09\/Logo.svg\",\"contentUrl\":\"https:\/\/www.alltrucks.com\/wp-content\/uploads\/2025\/09\/Logo.svg\",\"width\":298,\"height\":65,\"caption\":\"Alltrucks GmbH & Co. KG\"},\"image\":{\"@id\":\"https:\/\/www.alltrucks.com\/#\/schema\/logo\/image\/\"},\"sameAs\":[\"https:\/\/www.facebook.com\/alltrucksDE\/mentions\/?_rdr\",\"https:\/\/de.linkedin.com\/company\/alltrucks\"]}]}<\/script>\n<!-- \/ Yoast SEO Premium plugin. -->","yoast_head_json":{"title":"Translation Page - Alltrucks Truck &amp; Trailer Service","robots":{"index":"index","follow":"follow","max-snippet":"max-snippet:-1","max-image-preview":"max-image-preview:large","max-video-preview":"max-video-preview:-1"},"canonical":"https:\/\/www.alltrucks.com\/lt\/testbeitrag\/","og_locale":"lt_LT","og_type":"article","og_title":"Translation Page","og_description":"Test 123 Mo Di Mi Do Fr Sa So Lkw MAN Truck Polen Vereinigtes K\u00f6nigreich Gesch\u00e4ftsleitung Standortleiter Werkstattleiter Serviceleiter Serviceberater Meister Monteur Lager Vertrieb Marketing Training IT Assistent*in Sekret\u00e4rin Audit Alltrucksverantwortlicher Buchhaltung AT Fahrzeugsuche Verantwortlicher Alltrucks Technik Verantwortlicher Ansprechpartner Workshopfinder Contact person PKW Landwirtschaft Industrie Lkw Omnibusse Trailer LCV Abhol- und Lieferservice Sonderumbauten UVV Inspektion [&hellip;]","og_url":"https:\/\/www.alltrucks.com\/lt\/testbeitrag\/","og_site_name":"Alltrucks Truck &amp; Trailer Service","article_publisher":"https:\/\/www.facebook.com\/alltrucksDE\/mentions\/?_rdr","article_modified_time":"2026-02-24T15:37:12+00:00","twitter_card":"summary_large_image","twitter_misc":{"Est. reading time":"1 minut\u0117"},"schema":{"@context":"https:\/\/schema.org","@graph":[{"@type":"WebPage","@id":"https:\/\/www.alltrucks.com\/testbeitrag\/","url":"https:\/\/www.alltrucks.com\/testbeitrag\/","name":"Translation Page - Alltrucks Truck &amp; Trailer Service","isPartOf":{"@id":"https:\/\/www.alltrucks.com\/#website"},"datePublished":"2026-02-09T13:41:12+00:00","dateModified":"2026-02-24T15:37:12+00:00","breadcrumb":{"@id":"https:\/\/www.alltrucks.com\/testbeitrag\/#breadcrumb"},"inLanguage":"lt-LT","potentialAction":[{"@type":"ReadAction","target":["https:\/\/www.alltrucks.com\/testbeitrag\/"]}]},{"@type":"BreadcrumbList","@id":"https:\/\/www.alltrucks.com\/testbeitrag\/#breadcrumb","itemListElement":[{"@type":"ListItem","position":1,"name":"Startseite","item":"https:\/\/www.alltrucks.com\/"},{"@type":"ListItem","position":2,"name":"Translation Page"}]},{"@type":"WebSite","@id":"https:\/\/www.alltrucks.com\/#website","url":"https:\/\/www.alltrucks.com\/","name":"\"Alltrucks Truck &amp; Trailer Service","description":"","publisher":{"@id":"https:\/\/www.alltrucks.com\/#organization"},"potentialAction":[{"@type":"SearchAction","target":{"@type":"EntryPoint","urlTemplate":"https:\/\/www.alltrucks.com\/?s={search_term_string}"},"query-input":{"@type":"PropertyValueSpecification","valueRequired":true,"valueName":"search_term_string"}}],"inLanguage":"lt-LT"},{"@type":"Organization","@id":"https:\/\/www.alltrucks.com\/#organization","name":"Alltrucks GmbH &amp; Co. KG","url":"https:\/\/www.alltrucks.com\/","logo":{"@type":"ImageObject","inLanguage":"lt-LT","@id":"https:\/\/www.alltrucks.com\/#\/schema\/logo\/image\/","url":"https:\/\/www.alltrucks.com\/wp-content\/uploads\/2025\/09\/Logo.svg","contentUrl":"https:\/\/www.alltrucks.com\/wp-content\/uploads\/2025\/09\/Logo.svg","width":298,"height":65,"caption":"Alltrucks GmbH & Co. KG"},"image":{"@id":"https:\/\/www.alltrucks.com\/#\/schema\/logo\/image\/"},"sameAs":["https:\/\/www.facebook.com\/alltrucksDE\/mentions\/?_rdr","https:\/\/de.linkedin.com\/company\/alltrucks"]}]}},"_links":{"self":[{"href":"https:\/\/www.alltrucks.com\/lt\/wp-json\/wp\/v2\/pages\/2222","targetHints":{"allow":["GET"]}}],"collection":[{"href":"https:\/\/www.alltrucks.com\/lt\/wp-json\/wp\/v2\/pages"}],"about":[{"href":"https:\/\/www.alltrucks.com\/lt\/wp-json\/wp\/v2\/types\/page"}],"author":[{"embeddable":true,"href":"https:\/\/www.alltrucks.com\/lt\/wp-json\/wp\/v2\/users\/1"}],"replies":[{"embeddable":true,"href":"https:\/\/www.alltrucks.com\/lt\/wp-json\/wp\/v2\/comments?post=2222"}],"version-history":[{"count":42,"href":"https:\/\/www.alltrucks.com\/lt\/wp-json\/wp\/v2\/pages\/2222\/revisions"}],"predecessor-version":[{"id":2400,"href":"https:\/\/www.alltrucks.com\/lt\/wp-json\/wp\/v2\/pages\/2222\/revisions\/2400"}],"wp:attachment":[{"href":"https:\/\/www.alltrucks.com\/lt\/wp-json\/wp\/v2\/media?parent=2222"}],"curies":[{"name":"wp","href":"https:\/\/api.w.org\/{rel}","templated":true}]}}