{"id":790,"date":"2025-10-07T17:27:16","date_gmt":"2025-10-07T17:27:16","guid":{"rendered":"https:\/\/alltrucks.brandnew.media\/?page_id=790"},"modified":"2026-02-06T15:19:49","modified_gmt":"2026-02-06T15:19:49","slug":"haftungsausschluss","status":"publish","type":"page","link":"https:\/\/www.alltrucks.com\/hu\/haftungsausschluss\/","title":{"rendered":"Felel\u0151ss\u00e9gi nyilatkozat"},"content":{"rendered":"<div data-elementor-type=\"wp-page\" data-elementor-id=\"790\" class=\"elementor elementor-790\" data-elementor-post-type=\"page\">\n\t\t\t\t<div class=\"elementor-element elementor-element-1f285de e-flex e-con-boxed e-con e-parent\" data-id=\"1f285de\" data-element_type=\"container\">\n\t\t\t\t\t<div class=\"e-con-inner\">\n\t\t\t\t<div class=\"elementor-element elementor-element-0e27537 elementor-widget elementor-widget-heading\" data-id=\"0e27537\" data-element_type=\"widget\" data-widget_type=\"heading.default\">\n\t\t\t\t\t<h1 class=\"elementor-heading-title elementor-size-default\"><h3 class=\"headline-50 brand-logo\"><span>Felel\u0151ss\u00e9gi nyilatkozat<\/span><\/h3><\/h1>\t\t\t\t<\/div>\n\t\t\t\t<div class=\"elementor-element elementor-element-5b2ab6c elementor-widget elementor-widget-text-editor\" data-id=\"5b2ab6c\" data-element_type=\"widget\" data-widget_type=\"text-editor.default\">\n\t\t\t\t\t\t\t\t\t<div class=\"text-full\"><div class=\"rte-text\"><p><strong>Felel\u0151ss\u00e9gi nyilatkozat<\/strong><\/p><p>Alltrucks GmbH &amp; Co. KG (\"Alltrucks\") legjobb tud\u00e1sa szerint igyekszik biztos\u00edtani a www.alltrucks.com weboldal (\"weboldal\") oldalain el\u00e9rhet\u0151 inform\u00e1ci\u00f3k pontoss\u00e1g\u00e1t \u00e9s teljess\u00e9g\u00e9t, de nem v\u00e1llal felel\u0151ss\u00e9get a weboldal oldalain tal\u00e1lhat\u00f3 inform\u00e1ci\u00f3k aktualit\u00e1s\u00e1\u00e9rt, pontoss\u00e1g\u00e1\u00e9rt \u00e9s teljess\u00e9g\u00e9\u00e9rt. Az Alltrucks tov\u00e1bb\u00e1 nem felel azon k\u00fcls\u0151 weboldalak tartalm\u00e1\u00e9rt, amelyekre a weboldal hiperlinkeken kereszt\u00fcl k\u00f6zvetlen\u00fcl vagy k\u00f6zvetve hivatkozik, \u00e9s amelyek k\u00edv\u00fcl esnek az Alltrucks felel\u0151ss\u00e9gi k\u00f6r\u00e9n.<\/p><p>Az Alltrucks kifejezetten fenntartja a jogot, hogy a honlapot r\u00e9szben vagy eg\u00e9szben el\u0151zetes \u00e9rtes\u00edt\u00e9s n\u00e9lk\u00fcl megv\u00e1ltoztassa, kieg\u00e9sz\u00edtse vagy t\u00f6r\u00f6lje, illetve a k\u00f6zz\u00e9t\u00e9telt ideiglenesen vagy v\u00e9glegesen megsz\u00fcntesse. A weboldal oldalain el\u00e9rhet\u0151 tartalom szerz\u0151i jogi v\u00e9delem alatt \u00e1ll. A tartalom reproduk\u00e1l\u00e1sa vagy harmadik felek \u00e1ltali b\u00e1rmilyen form\u00e1ban t\u00f6rt\u00e9n\u0151 felhaszn\u00e1l\u00e1sa az Alltrucks kifejezett hozz\u00e1j\u00e1rul\u00e1sa n\u00e9lk\u00fcl tilos; a hozz\u00e1j\u00e1rul\u00e1s megszerz\u00e9se \u00e9rdek\u00e9ben k\u00e9rj\u00fck, forduljon a jogi k\u00f6zlem\u00e9nyben megnevezett szem\u00e9lyhez.<\/p><p>Ez a nyilatkozat a weboldal r\u00e9sz\u00e9nek tekintend\u0151. Amennyiben a jelen jogi nyilatkozat egyes r\u00e9szei vagy egyes megfogalmaz\u00e1sai nem, m\u00e1r nem vagy nem teljes m\u00e9rt\u00e9kben felelnek meg a hat\u00e1lyos jogi helyzetnek, a dokumentum t\u00f6bbi r\u00e9sz\u00e9nek tartalma \u00e9s \u00e9rv\u00e9nyess\u00e9ge v\u00e1ltozatlan marad.<\/p><p><strong>Haszn\u00e1lati felt\u00e9telek<\/strong><\/p><p>A weboldalunk \u00e9s annak tartalm\u00e1nak haszn\u00e1lata az al\u00e1bbi felt\u00e9telekhez k\u00f6t\u00f6tt:<\/p><p><strong>A weboldal tartalma<\/strong><br \/>B\u00e1r weboldalunk tartalm\u00e1t gondosan \u00e1ll\u00edtottuk \u00f6ssze \u00e9s tartjuk fenn, nem v\u00e1llalunk felel\u0151ss\u00e9get a weboldalon tal\u00e1lhat\u00f3 inform\u00e1ci\u00f3k aktualit\u00e1s\u00e1\u00e9rt, teljess\u00e9g\u00e9\u00e9rt vagy min\u0151s\u00e9g\u00e9\u00e9rt. Fenntartjuk a jogot, hogy b\u00e1rmikor m\u00f3dos\u00edtsuk, kieg\u00e9sz\u00edts\u00fck vagy t\u00f6r\u00f6lj\u00fck az egyes tartalmakat vagy az eg\u00e9sz honlapot.<\/p><p><strong>Szerz\u0151i jog \u00e9s felhaszn\u00e1l\u00e1si jogok<\/strong><br \/>Weboldalunk tartalma szerz\u0151i jogi v\u00e9delem alatt \u00e1ll. Weboldalunk felhaszn\u00e1l\u00f3i kiz\u00e1r\u00f3lag a tartalmak lek\u00e9rdez\u00e9s\u00e9t, v\u00e1ltozatlan form\u00e1ban t\u00f6rt\u00e9n\u0151 kinyomtat\u00e1s\u00e1t \u00e9s\/vagy sz\u00e1m\u00edt\u00f3g\u00e9pre t\u00f6rt\u00e9n\u0151 let\u00f6lt\u00e9s\u00e9t enged\u00e9lyezz\u00fck, felt\u00e9ve, hogy ezt kiz\u00e1r\u00f3lag szem\u00e9lyes, mag\u00e1njelleg\u0171 vagy nem kereskedelmi c\u00e9l\u00fa felhaszn\u00e1l\u00e1s c\u00e9lj\u00e1b\u00f3l teszik. Kifejezett \u00edr\u00e1sbeli hozz\u00e1j\u00e1rul\u00e1sunk n\u00e9lk\u00fcl minden m\u00e1s felhaszn\u00e1l\u00e1s tilos.<\/p><p><strong>E-mail kapcsolat<\/strong><br \/>Szeretn\u00e9nk felh\u00edvni a figyelmet arra, hogy ha a weboldalon tal\u00e1lhat\u00f3 kapcsolatfelv\u00e9teli \u0171rlapon kereszt\u00fcl vagy titkos\u00edt\u00e1si programok n\u00e9lk\u00fcli e-mailben l\u00e9p vel\u00fcnk kapcsolatba, az e-mail \u00e9s a v\u00e1laszunk titkoss\u00e1ga nem garant\u00e1lhat\u00f3. A titkos\u00edt\u00f3 programok haszn\u00e1lata el\u0151zetes egyeztet\u00e9st ig\u00e9nyel.<\/p><p>\u00c1llapot: 10.12.2014<\/p><\/div><\/div>\t\t\t\t\t\t\t\t<\/div>\n\t\t\t\t\t<\/div>\n\t\t\t\t<\/div>\n\t\t\t\t<\/div>","protected":false},"excerpt":{"rendered":"<p>Felel\u0151ss\u00e9gi nyilatkozat Alltrucks GmbH &amp; Co. KG (\"Alltrucks\") mindent megtesz a www.alltrucks.com weboldal (\"weboldal\") oldalain el\u00e9rhet\u0151 inform\u00e1ci\u00f3k pontoss\u00e1g\u00e1nak \u00e9s teljess\u00e9g\u00e9nek biztos\u00edt\u00e1sa \u00e9rdek\u00e9ben, de nem v\u00e1llal felel\u0151ss\u00e9get a weboldal oldalain tal\u00e1lhat\u00f3 inform\u00e1ci\u00f3k aktualit\u00e1s\u00e1\u00e9rt, pontoss\u00e1g\u00e1\u00e9rt \u00e9s teljess\u00e9g\u00e9\u00e9rt. Tov\u00e1bb\u00e1 az Alltrucks nem v\u00e1llal felel\u0151ss\u00e9get [...]<\/p>","protected":false},"author":1,"featured_media":0,"parent":0,"menu_order":0,"comment_status":"closed","ping_status":"closed","template":"","meta":{"footnotes":""},"class_list":["post-790","page","type-page","status-publish","hentry"],"yoast_head":"<!-- This site is optimized with the Yoast SEO Premium plugin v26.3 (Yoast SEO v26.3) - https:\/\/yoast.com\/wordpress\/plugins\/seo\/ -->\n<title>Haftungsausschluss - Alltrucks Truck &amp; Trailer Service<\/title>\n<meta name=\"robots\" content=\"index, follow, max-snippet:-1, max-image-preview:large, max-video-preview:-1\" \/>\n<link rel=\"canonical\" href=\"https:\/\/www.alltrucks.com\/hu\/haftungsausschluss\/\" \/>\n<meta property=\"og:locale\" content=\"hu_HU\" \/>\n<meta property=\"og:type\" content=\"article\" \/>\n<meta property=\"og:title\" content=\"Haftungsausschluss\" \/>\n<meta property=\"og:description\" content=\"Haftungsausschluss Disclaimer Die Alltrucks GmbH &amp; Co. KG (\u201eAlltrucks&#8220;) ist nach besten Kr\u00e4ften bem\u00fcht, f\u00fcr die Richtigkeit und Vollst\u00e4ndigkeit der auf den Seiten der Web-Pr\u00e4senz www.alltrucks.com (\u201eWeb-Pr\u00e4senz&#8220;) verf\u00fcgbaren Informationen zu sorgen, \u00fcbernimmt jedoch keinerlei Gew\u00e4hr f\u00fcr die Aktualit\u00e4t, Richtigkeit oder Vollst\u00e4ndigkeit der auf den Seiten der Web-Pr\u00e4senz bereitgestellten Informationen. Alltrucks steht dar\u00fcber hinaus nicht f\u00fcr [&hellip;]\" \/>\n<meta property=\"og:url\" content=\"https:\/\/www.alltrucks.com\/hu\/haftungsausschluss\/\" \/>\n<meta property=\"og:site_name\" content=\"Alltrucks Truck &amp; Trailer Service\" \/>\n<meta property=\"article:publisher\" content=\"https:\/\/www.facebook.com\/alltrucksDE\/mentions\/?_rdr\" \/>\n<meta property=\"article:modified_time\" content=\"2026-02-06T15:19:49+00:00\" \/>\n<meta name=\"twitter:card\" content=\"summary_large_image\" \/>\n<meta name=\"twitter:label1\" content=\"Becs\u00fclt olvas\u00e1si id\u0151\" \/>\n\t<meta name=\"twitter:data1\" content=\"2 perc\" \/>\n<script type=\"application\/ld+json\" class=\"yoast-schema-graph\">{\"@context\":\"https:\/\/schema.org\",\"@graph\":[{\"@type\":\"WebPage\",\"@id\":\"https:\/\/www.alltrucks.com\/haftungsausschluss\/\",\"url\":\"https:\/\/www.alltrucks.com\/haftungsausschluss\/\",\"name\":\"Haftungsausschluss - Alltrucks Truck &amp; Trailer Service\",\"isPartOf\":{\"@id\":\"https:\/\/www.alltrucks.com\/#website\"},\"datePublished\":\"2025-10-07T17:27:16+00:00\",\"dateModified\":\"2026-02-06T15:19:49+00:00\",\"breadcrumb\":{\"@id\":\"https:\/\/www.alltrucks.com\/haftungsausschluss\/#breadcrumb\"},\"inLanguage\":\"hu\",\"potentialAction\":[{\"@type\":\"ReadAction\",\"target\":[\"https:\/\/www.alltrucks.com\/haftungsausschluss\/\"]}]},{\"@type\":\"BreadcrumbList\",\"@id\":\"https:\/\/www.alltrucks.com\/haftungsausschluss\/#breadcrumb\",\"itemListElement\":[{\"@type\":\"ListItem\",\"position\":1,\"name\":\"Startseite\",\"item\":\"https:\/\/www.alltrucks.com\/\"},{\"@type\":\"ListItem\",\"position\":2,\"name\":\"Haftungsausschluss\"}]},{\"@type\":\"WebSite\",\"@id\":\"https:\/\/www.alltrucks.com\/#website\",\"url\":\"https:\/\/www.alltrucks.com\/\",\"name\":\"Alltrucks Truck & Trailer Service\",\"description\":\"\",\"publisher\":{\"@id\":\"https:\/\/www.alltrucks.com\/#organization\"},\"potentialAction\":[{\"@type\":\"SearchAction\",\"target\":{\"@type\":\"EntryPoint\",\"urlTemplate\":\"https:\/\/www.alltrucks.com\/?s={search_term_string}\"},\"query-input\":{\"@type\":\"PropertyValueSpecification\",\"valueRequired\":true,\"valueName\":\"search_term_string\"}}],\"inLanguage\":\"hu\"},{\"@type\":\"Organization\",\"@id\":\"https:\/\/www.alltrucks.com\/#organization\",\"name\":\"Alltrucks GmbH & Co. KG\",\"url\":\"https:\/\/www.alltrucks.com\/\",\"logo\":{\"@type\":\"ImageObject\",\"inLanguage\":\"hu\",\"@id\":\"https:\/\/www.alltrucks.com\/#\/schema\/logo\/image\/\",\"url\":\"https:\/\/www.alltrucks.com\/wp-content\/uploads\/2025\/09\/Logo.svg\",\"contentUrl\":\"https:\/\/www.alltrucks.com\/wp-content\/uploads\/2025\/09\/Logo.svg\",\"width\":298,\"height\":65,\"caption\":\"Alltrucks GmbH & Co. KG\"},\"image\":{\"@id\":\"https:\/\/www.alltrucks.com\/#\/schema\/logo\/image\/\"},\"sameAs\":[\"https:\/\/www.facebook.com\/alltrucksDE\/mentions\/?_rdr\",\"https:\/\/de.linkedin.com\/company\/alltrucks\"]}]}<\/script>\n<!-- \/ Yoast SEO Premium plugin. -->","yoast_head_json":{"title":"Jogi nyilatkozat - Alltrucks Truck &amp; Trailer Service","robots":{"index":"index","follow":"follow","max-snippet":"max-snippet:-1","max-image-preview":"max-image-preview:large","max-video-preview":"max-video-preview:-1"},"canonical":"https:\/\/www.alltrucks.com\/hu\/haftungsausschluss\/","og_locale":"hu_HU","og_type":"article","og_title":"Haftungsausschluss","og_description":"Haftungsausschluss Disclaimer Die Alltrucks GmbH &amp; Co. KG (\u201eAlltrucks&#8220;) ist nach besten Kr\u00e4ften bem\u00fcht, f\u00fcr die Richtigkeit und Vollst\u00e4ndigkeit der auf den Seiten der Web-Pr\u00e4senz www.alltrucks.com (\u201eWeb-Pr\u00e4senz&#8220;) verf\u00fcgbaren Informationen zu sorgen, \u00fcbernimmt jedoch keinerlei Gew\u00e4hr f\u00fcr die Aktualit\u00e4t, Richtigkeit oder Vollst\u00e4ndigkeit der auf den Seiten der Web-Pr\u00e4senz bereitgestellten Informationen. Alltrucks steht dar\u00fcber hinaus nicht f\u00fcr [&hellip;]","og_url":"https:\/\/www.alltrucks.com\/hu\/haftungsausschluss\/","og_site_name":"Alltrucks Truck &amp; Trailer Service","article_publisher":"https:\/\/www.facebook.com\/alltrucksDE\/mentions\/?_rdr","article_modified_time":"2026-02-06T15:19:49+00:00","twitter_card":"summary_large_image","twitter_misc":{"Becs\u00fclt olvas\u00e1si id\u0151":"2 perc"},"schema":{"@context":"https:\/\/schema.org","@graph":[{"@type":"WebPage","@id":"https:\/\/www.alltrucks.com\/haftungsausschluss\/","url":"https:\/\/www.alltrucks.com\/haftungsausschluss\/","name":"Jogi nyilatkozat - Alltrucks Truck &amp; Trailer Service","isPartOf":{"@id":"https:\/\/www.alltrucks.com\/#website"},"datePublished":"2025-10-07T17:27:16+00:00","dateModified":"2026-02-06T15:19:49+00:00","breadcrumb":{"@id":"https:\/\/www.alltrucks.com\/haftungsausschluss\/#breadcrumb"},"inLanguage":"hu","potentialAction":[{"@type":"ReadAction","target":["https:\/\/www.alltrucks.com\/haftungsausschluss\/"]}]},{"@type":"BreadcrumbList","@id":"https:\/\/www.alltrucks.com\/haftungsausschluss\/#breadcrumb","itemListElement":[{"@type":"ListItem","position":1,"name":"Startseite","item":"https:\/\/www.alltrucks.com\/"},{"@type":"ListItem","position":2,"name":"Haftungsausschluss"}]},{"@type":"WebSite","@id":"https:\/\/www.alltrucks.com\/#website","url":"https:\/\/www.alltrucks.com\/","name":"Alltrucks Truck &amp; Trailer Service","description":"","publisher":{"@id":"https:\/\/www.alltrucks.com\/#organization"},"potentialAction":[{"@type":"SearchAction","target":{"@type":"EntryPoint","urlTemplate":"https:\/\/www.alltrucks.com\/?s={search_term_string}"},"query-input":{"@type":"PropertyValueSpecification","valueRequired":true,"valueName":"search_term_string"}}],"inLanguage":"hu"},{"@type":"Organization","@id":"https:\/\/www.alltrucks.com\/#organization","name":"Alltrucks GmbH &amp; Co. KG","url":"https:\/\/www.alltrucks.com\/","logo":{"@type":"ImageObject","inLanguage":"hu","@id":"https:\/\/www.alltrucks.com\/#\/schema\/logo\/image\/","url":"https:\/\/www.alltrucks.com\/wp-content\/uploads\/2025\/09\/Logo.svg","contentUrl":"https:\/\/www.alltrucks.com\/wp-content\/uploads\/2025\/09\/Logo.svg","width":298,"height":65,"caption":"Alltrucks GmbH & Co. KG"},"image":{"@id":"https:\/\/www.alltrucks.com\/#\/schema\/logo\/image\/"},"sameAs":["https:\/\/www.facebook.com\/alltrucksDE\/mentions\/?_rdr","https:\/\/de.linkedin.com\/company\/alltrucks"]}]}},"_links":{"self":[{"href":"https:\/\/www.alltrucks.com\/hu\/wp-json\/wp\/v2\/pages\/790","targetHints":{"allow":["GET"]}}],"collection":[{"href":"https:\/\/www.alltrucks.com\/hu\/wp-json\/wp\/v2\/pages"}],"about":[{"href":"https:\/\/www.alltrucks.com\/hu\/wp-json\/wp\/v2\/types\/page"}],"author":[{"embeddable":true,"href":"https:\/\/www.alltrucks.com\/hu\/wp-json\/wp\/v2\/users\/1"}],"replies":[{"embeddable":true,"href":"https:\/\/www.alltrucks.com\/hu\/wp-json\/wp\/v2\/comments?post=790"}],"version-history":[{"count":7,"href":"https:\/\/www.alltrucks.com\/hu\/wp-json\/wp\/v2\/pages\/790\/revisions"}],"predecessor-version":[{"id":2208,"href":"https:\/\/www.alltrucks.com\/hu\/wp-json\/wp\/v2\/pages\/790\/revisions\/2208"}],"wp:attachment":[{"href":"https:\/\/www.alltrucks.com\/hu\/wp-json\/wp\/v2\/media?parent=790"}],"curies":[{"name":"wp","href":"https:\/\/api.w.org\/{rel}","templated":true}]}}