{"id":2222,"date":"2026-02-09T13:41:12","date_gmt":"2026-02-09T13:41:12","guid":{"rendered":"https:\/\/www.alltrucks.com\/?page_id=2222"},"modified":"2026-02-24T15:37:12","modified_gmt":"2026-02-24T15:37:12","slug":"testbeitrag","status":"publish","type":"page","link":"https:\/\/www.alltrucks.com\/hu\/testbeitrag\/","title":{"rendered":"Ford\u00edt\u00e1s oldal"},"content":{"rendered":"<div data-elementor-type=\"wp-page\" data-elementor-id=\"2222\" class=\"elementor elementor-2222\" data-elementor-post-type=\"page\">\n\t\t\t\t<div class=\"elementor-element elementor-element-7954541 e-flex e-con-boxed e-con e-parent\" data-id=\"7954541\" data-element_type=\"container\">\n\t\t\t\t\t<div class=\"e-con-inner\">\n\t\t\t\t<div class=\"elementor-element elementor-element-d251acf elementor-widget elementor-widget-text-editor\" data-id=\"d251acf\" data-element_type=\"widget\" data-widget_type=\"text-editor.default\">\n\t\t\t\t\t\t\t\t\t<p>123-as teszt<\/p><p>H\u00e9tf\u0151<\/p><p>Kedd<\/p><p>H\u00e9t<\/p><p>Cs<\/p><p>P\u00e9ntek<\/p><p>Szombat<\/p><p>Nap<\/p><p>Teheraut\u00f3<\/p><p>MAN teheraut\u00f3<\/p><p>Lengyelorsz\u00e1g<\/p><p>Egyes\u00fclt Kir\u00e1lys\u00e1g<\/p><p>Menedzsment<\/p><p>Telephelyvezet\u0151<\/p><p>M\u0171helyvezet\u0151<\/p><p>Szervizigazgat\u00f3<\/p><p>Szolg\u00e1ltat\u00e1si tan\u00e1csad\u00f3<\/p><p>Mesterember<\/p><p>Szerel\u0151<\/p><p>Rakt\u00e1r<\/p><p>\u00c9rt\u00e9kes\u00edt\u00e9si vezet\u0151<\/p><p>Marketing<\/p><p>K\u00e9pz\u00e9s<\/p><p>IT<\/p><p>Asszisztens<\/p><p>Titk\u00e1rn\u0151<\/p><p>Audit\u00e1l\u00e1s<\/p><p>Alltrucks manager<\/p><p>Sz\u00e1mvitel<\/p><p>AT J\u00e1rm\u0171kutat\u00e1s Felel\u0151s szem\u00e9ly<\/p><p>Alltrucks m\u0171szaki vezet\u0151<\/p><p>Kapcsolattart\u00f3 szem\u00e9ly<\/p><p>Workshopfinder Kapcsolattart\u00f3 szem\u00e9ly<\/p><p>PKW<\/p><p>Mez\u0151gazdas\u00e1g<\/p><p>Ipar\u00e1g<\/p><p>Teheraut\u00f3<\/p><p>Aut\u00f3buszok \u00e9s t\u00e1vols\u00e1gi buszok<\/p><p>Trailer<\/p><p>LCV<\/p><p>Felv\u00e9teli \u00e9s sz\u00e1ll\u00edt\u00e1si szolg\u00e1ltat\u00e1s<\/p><p>K\u00fcl\u00f6nleges \u00e1talak\u00edt\u00e1sok<\/p><p>UVV vizsg\u00e1lat<\/p><p>Tartoz\u00e9kok<\/p><p>B\u00e9relhet\u0151 j\u00e1rm\u0171vek<\/p><p>Balesetek kezel\u00e9se<\/p><p>F\u00e9kszerviz<\/p><p>Elektronikai szerviz<\/p><p>K\u00f6telez\u0151 ellen\u0151rz\u00e9sek (AUT)<\/p><p>Hidraulikus karbantart\u00e1s<\/p><p>KB garancia<\/p><p>Ker\u00e9kbe\u00e1ll\u00edt\u00e1s<\/p><p>Gumiabroncs szerviz<\/p><p>Keret igaz\u00edt\u00e1s<\/p><p>L\u00e9gkondicion\u00e1l\u00f3 rendszerek \u00e9s kieg\u00e9sz\u00edt\u0151 f\u0171t\u0151berendez\u00e9sek<\/p><p>Mobil szervizj\u00e1rm\u0171<\/p><p>Motor \u00e9s sebess\u00e9gv\u00e1lt\u00f3 jav\u00edt\u00e1s<\/p><p>A fordulatsz\u00e1mm\u00e9r\u0151 \u00e9s a tachogr\u00e1f ellen\u0151rz\u00e9se<\/p><p>El\u0151k\u00e9sz\u00edt\u00e9s<\/p><p>Aut\u00f3mos\u00f3<\/p><p>\u00dcveg szolg\u00e1ltat\u00e1s<\/p><p>Karossz\u00e9ria munka<\/p><p>Alv\u00e1z<\/p><p>Biztons\u00e1gi ellen\u0151rz\u00e9s (SP)<\/p><p>Telematika<\/p><p>Farokemel\u0151k<\/p><p>Nagyfesz\u00fclts\u00e9g\u0171 szolg\u00e1ltat\u00e1s<\/p><p>Alltrucks 24 \u00f3r\u00e1s szolg\u00e1lat<\/p><p>most nyitotta meg<\/p><p>Krone<\/p><p>\u2713 Krone<\/p>\t\t\t\t\t\t\t\t<\/div>\n\t\t\t\t\t<\/div>\n\t\t\t\t<\/div>\n\t\t\t\t<\/div>","protected":false},"excerpt":{"rendered":"<p>Test 123 Mo Di Mi Do Fr Sa So Lkw MAN Truck Polen Vereinigtes K\u00f6nigreich Gesch\u00e4ftsleitung Standortleiter Werkstattleiter Serviceleiter Serviceberater Meister Monteur Lager Vertrieb Marketing Training IT Assistent*in Sekret\u00e4rin Audit Alltrucksverantwortlicher Buchhaltung AT Fahrzeugsuche Verantwortlicher Alltrucks Technik Verantwortlicher Ansprechpartner Workshopfinder Contact person PKW Landwirtschaft Industrie Lkw Omnibusse Trailer LCV Abhol- und Lieferservice Sonderumbauten UVV Inspektion [&hellip;]<\/p>","protected":false},"author":1,"featured_media":0,"parent":0,"menu_order":0,"comment_status":"closed","ping_status":"closed","template":"","meta":{"footnotes":""},"class_list":["post-2222","page","type-page","status-publish","hentry"],"yoast_head":"<!-- This site is optimized with the Yoast SEO Premium plugin v26.3 (Yoast SEO v26.3) - https:\/\/yoast.com\/wordpress\/plugins\/seo\/ -->\n<title>Translation Page - Alltrucks Truck &amp; Trailer Service<\/title>\n<meta name=\"robots\" content=\"index, follow, max-snippet:-1, max-image-preview:large, max-video-preview:-1\" \/>\n<link rel=\"canonical\" href=\"https:\/\/www.alltrucks.com\/hu\/testbeitrag\/\" \/>\n<meta property=\"og:locale\" content=\"hu_HU\" \/>\n<meta property=\"og:type\" content=\"article\" \/>\n<meta property=\"og:title\" content=\"Translation Page\" \/>\n<meta property=\"og:description\" content=\"Test 123 Mo Di Mi Do Fr Sa So Lkw MAN Truck Polen Vereinigtes K\u00f6nigreich Gesch\u00e4ftsleitung Standortleiter Werkstattleiter Serviceleiter Serviceberater Meister Monteur Lager Vertrieb Marketing Training IT Assistent*in Sekret\u00e4rin Audit Alltrucksverantwortlicher Buchhaltung AT Fahrzeugsuche Verantwortlicher Alltrucks Technik Verantwortlicher Ansprechpartner Workshopfinder Contact person PKW Landwirtschaft Industrie Lkw Omnibusse Trailer LCV Abhol- und Lieferservice Sonderumbauten UVV Inspektion [&hellip;]\" \/>\n<meta property=\"og:url\" content=\"https:\/\/www.alltrucks.com\/hu\/testbeitrag\/\" \/>\n<meta property=\"og:site_name\" content=\"Alltrucks Truck &amp; Trailer Service\" \/>\n<meta property=\"article:publisher\" content=\"https:\/\/www.facebook.com\/alltrucksDE\/mentions\/?_rdr\" \/>\n<meta property=\"article:modified_time\" content=\"2026-02-24T15:37:12+00:00\" \/>\n<meta name=\"twitter:card\" content=\"summary_large_image\" \/>\n<meta name=\"twitter:label1\" content=\"Becs\u00fclt olvas\u00e1si id\u0151\" \/>\n\t<meta name=\"twitter:data1\" content=\"1 perc\" \/>\n<script type=\"application\/ld+json\" class=\"yoast-schema-graph\">{\"@context\":\"https:\/\/schema.org\",\"@graph\":[{\"@type\":\"WebPage\",\"@id\":\"https:\/\/www.alltrucks.com\/testbeitrag\/\",\"url\":\"https:\/\/www.alltrucks.com\/testbeitrag\/\",\"name\":\"Translation Page - Alltrucks Truck &amp; Trailer Service\",\"isPartOf\":{\"@id\":\"https:\/\/www.alltrucks.com\/#website\"},\"datePublished\":\"2026-02-09T13:41:12+00:00\",\"dateModified\":\"2026-02-24T15:37:12+00:00\",\"breadcrumb\":{\"@id\":\"https:\/\/www.alltrucks.com\/testbeitrag\/#breadcrumb\"},\"inLanguage\":\"hu\",\"potentialAction\":[{\"@type\":\"ReadAction\",\"target\":[\"https:\/\/www.alltrucks.com\/testbeitrag\/\"]}]},{\"@type\":\"BreadcrumbList\",\"@id\":\"https:\/\/www.alltrucks.com\/testbeitrag\/#breadcrumb\",\"itemListElement\":[{\"@type\":\"ListItem\",\"position\":1,\"name\":\"Startseite\",\"item\":\"https:\/\/www.alltrucks.com\/\"},{\"@type\":\"ListItem\",\"position\":2,\"name\":\"Translation Page\"}]},{\"@type\":\"WebSite\",\"@id\":\"https:\/\/www.alltrucks.com\/#website\",\"url\":\"https:\/\/www.alltrucks.com\/\",\"name\":\"Alltrucks Truck & Trailer Service\",\"description\":\"\",\"publisher\":{\"@id\":\"https:\/\/www.alltrucks.com\/#organization\"},\"potentialAction\":[{\"@type\":\"SearchAction\",\"target\":{\"@type\":\"EntryPoint\",\"urlTemplate\":\"https:\/\/www.alltrucks.com\/?s={search_term_string}\"},\"query-input\":{\"@type\":\"PropertyValueSpecification\",\"valueRequired\":true,\"valueName\":\"search_term_string\"}}],\"inLanguage\":\"hu\"},{\"@type\":\"Organization\",\"@id\":\"https:\/\/www.alltrucks.com\/#organization\",\"name\":\"Alltrucks GmbH & Co. KG\",\"url\":\"https:\/\/www.alltrucks.com\/\",\"logo\":{\"@type\":\"ImageObject\",\"inLanguage\":\"hu\",\"@id\":\"https:\/\/www.alltrucks.com\/#\/schema\/logo\/image\/\",\"url\":\"https:\/\/www.alltrucks.com\/wp-content\/uploads\/2025\/09\/Logo.svg\",\"contentUrl\":\"https:\/\/www.alltrucks.com\/wp-content\/uploads\/2025\/09\/Logo.svg\",\"width\":298,\"height\":65,\"caption\":\"Alltrucks GmbH & Co. KG\"},\"image\":{\"@id\":\"https:\/\/www.alltrucks.com\/#\/schema\/logo\/image\/\"},\"sameAs\":[\"https:\/\/www.facebook.com\/alltrucksDE\/mentions\/?_rdr\",\"https:\/\/de.linkedin.com\/company\/alltrucks\"]}]}<\/script>\n<!-- \/ Yoast SEO Premium plugin. -->","yoast_head_json":{"title":"Translation Page - Alltrucks Truck &amp; Trailer Service","robots":{"index":"index","follow":"follow","max-snippet":"max-snippet:-1","max-image-preview":"max-image-preview:large","max-video-preview":"max-video-preview:-1"},"canonical":"https:\/\/www.alltrucks.com\/hu\/testbeitrag\/","og_locale":"hu_HU","og_type":"article","og_title":"Translation Page","og_description":"Test 123 Mo Di Mi Do Fr Sa So Lkw MAN Truck Polen Vereinigtes K\u00f6nigreich Gesch\u00e4ftsleitung Standortleiter Werkstattleiter Serviceleiter Serviceberater Meister Monteur Lager Vertrieb Marketing Training IT Assistent*in Sekret\u00e4rin Audit Alltrucksverantwortlicher Buchhaltung AT Fahrzeugsuche Verantwortlicher Alltrucks Technik Verantwortlicher Ansprechpartner Workshopfinder Contact person PKW Landwirtschaft Industrie Lkw Omnibusse Trailer LCV Abhol- und Lieferservice Sonderumbauten UVV Inspektion [&hellip;]","og_url":"https:\/\/www.alltrucks.com\/hu\/testbeitrag\/","og_site_name":"Alltrucks Truck &amp; Trailer Service","article_publisher":"https:\/\/www.facebook.com\/alltrucksDE\/mentions\/?_rdr","article_modified_time":"2026-02-24T15:37:12+00:00","twitter_card":"summary_large_image","twitter_misc":{"Becs\u00fclt olvas\u00e1si id\u0151":"1 perc"},"schema":{"@context":"https:\/\/schema.org","@graph":[{"@type":"WebPage","@id":"https:\/\/www.alltrucks.com\/testbeitrag\/","url":"https:\/\/www.alltrucks.com\/testbeitrag\/","name":"Translation Page - Alltrucks Truck &amp; Trailer Service","isPartOf":{"@id":"https:\/\/www.alltrucks.com\/#website"},"datePublished":"2026-02-09T13:41:12+00:00","dateModified":"2026-02-24T15:37:12+00:00","breadcrumb":{"@id":"https:\/\/www.alltrucks.com\/testbeitrag\/#breadcrumb"},"inLanguage":"hu","potentialAction":[{"@type":"ReadAction","target":["https:\/\/www.alltrucks.com\/testbeitrag\/"]}]},{"@type":"BreadcrumbList","@id":"https:\/\/www.alltrucks.com\/testbeitrag\/#breadcrumb","itemListElement":[{"@type":"ListItem","position":1,"name":"Startseite","item":"https:\/\/www.alltrucks.com\/"},{"@type":"ListItem","position":2,"name":"Translation Page"}]},{"@type":"WebSite","@id":"https:\/\/www.alltrucks.com\/#website","url":"https:\/\/www.alltrucks.com\/","name":"Alltrucks Truck &amp; Trailer Service","description":"","publisher":{"@id":"https:\/\/www.alltrucks.com\/#organization"},"potentialAction":[{"@type":"SearchAction","target":{"@type":"EntryPoint","urlTemplate":"https:\/\/www.alltrucks.com\/?s={search_term_string}"},"query-input":{"@type":"PropertyValueSpecification","valueRequired":true,"valueName":"search_term_string"}}],"inLanguage":"hu"},{"@type":"Organization","@id":"https:\/\/www.alltrucks.com\/#organization","name":"Alltrucks GmbH &amp; Co. KG","url":"https:\/\/www.alltrucks.com\/","logo":{"@type":"ImageObject","inLanguage":"hu","@id":"https:\/\/www.alltrucks.com\/#\/schema\/logo\/image\/","url":"https:\/\/www.alltrucks.com\/wp-content\/uploads\/2025\/09\/Logo.svg","contentUrl":"https:\/\/www.alltrucks.com\/wp-content\/uploads\/2025\/09\/Logo.svg","width":298,"height":65,"caption":"Alltrucks GmbH & Co. KG"},"image":{"@id":"https:\/\/www.alltrucks.com\/#\/schema\/logo\/image\/"},"sameAs":["https:\/\/www.facebook.com\/alltrucksDE\/mentions\/?_rdr","https:\/\/de.linkedin.com\/company\/alltrucks"]}]}},"_links":{"self":[{"href":"https:\/\/www.alltrucks.com\/hu\/wp-json\/wp\/v2\/pages\/2222","targetHints":{"allow":["GET"]}}],"collection":[{"href":"https:\/\/www.alltrucks.com\/hu\/wp-json\/wp\/v2\/pages"}],"about":[{"href":"https:\/\/www.alltrucks.com\/hu\/wp-json\/wp\/v2\/types\/page"}],"author":[{"embeddable":true,"href":"https:\/\/www.alltrucks.com\/hu\/wp-json\/wp\/v2\/users\/1"}],"replies":[{"embeddable":true,"href":"https:\/\/www.alltrucks.com\/hu\/wp-json\/wp\/v2\/comments?post=2222"}],"version-history":[{"count":42,"href":"https:\/\/www.alltrucks.com\/hu\/wp-json\/wp\/v2\/pages\/2222\/revisions"}],"predecessor-version":[{"id":2400,"href":"https:\/\/www.alltrucks.com\/hu\/wp-json\/wp\/v2\/pages\/2222\/revisions\/2400"}],"wp:attachment":[{"href":"https:\/\/www.alltrucks.com\/hu\/wp-json\/wp\/v2\/media?parent=2222"}],"curies":[{"name":"wp","href":"https:\/\/api.w.org\/{rel}","templated":true}]}}