{"id":794,"date":"2025-10-07T17:28:49","date_gmt":"2025-10-07T17:28:49","guid":{"rendered":"https:\/\/alltrucks.brandnew.media\/?page_id=794"},"modified":"2025-11-17T16:10:57","modified_gmt":"2025-11-17T16:10:57","slug":"impressum","status":"publish","type":"page","link":"https:\/\/www.alltrucks.com\/en\/impressum\/","title":{"rendered":"Imprint"},"content":{"rendered":"<div data-elementor-type=\"wp-page\" data-elementor-id=\"794\" class=\"elementor elementor-794\" data-elementor-post-type=\"page\">\n\t\t\t\t<div class=\"elementor-element elementor-element-2dd57f6b e-con-full e-transform hero-banner e-flex e-con e-parent\" data-id=\"2dd57f6b\" data-element_type=\"container\" data-settings=\"{&quot;_transform_translateX_effect&quot;:{&quot;unit&quot;:&quot;px&quot;,&quot;size&quot;:0,&quot;sizes&quot;:[]},&quot;_transform_translateY_effect&quot;:{&quot;unit&quot;:&quot;px&quot;,&quot;size&quot;:-107,&quot;sizes&quot;:[]},&quot;background_background&quot;:&quot;classic&quot;,&quot;_transform_translateX_effect_tablet&quot;:{&quot;unit&quot;:&quot;px&quot;,&quot;size&quot;:&quot;&quot;,&quot;sizes&quot;:[]},&quot;_transform_translateX_effect_mobile&quot;:{&quot;unit&quot;:&quot;px&quot;,&quot;size&quot;:&quot;&quot;,&quot;sizes&quot;:[]},&quot;_transform_translateY_effect_tablet&quot;:{&quot;unit&quot;:&quot;px&quot;,&quot;size&quot;:&quot;&quot;,&quot;sizes&quot;:[]},&quot;_transform_translateY_effect_mobile&quot;:{&quot;unit&quot;:&quot;px&quot;,&quot;size&quot;:&quot;&quot;,&quot;sizes&quot;:[]}}\">\n\t\t<div class=\"elementor-element elementor-element-7424f54d e-con-full e-transform e-flex e-con e-child\" data-id=\"7424f54d\" data-element_type=\"container\" data-settings=\"{&quot;_transform_translateX_effect&quot;:{&quot;unit&quot;:&quot;px&quot;,&quot;size&quot;:&quot;&quot;,&quot;sizes&quot;:[]},&quot;_transform_translateX_effect_tablet&quot;:{&quot;unit&quot;:&quot;px&quot;,&quot;size&quot;:&quot;&quot;,&quot;sizes&quot;:[]},&quot;_transform_translateX_effect_mobile&quot;:{&quot;unit&quot;:&quot;px&quot;,&quot;size&quot;:&quot;&quot;,&quot;sizes&quot;:[]},&quot;_transform_translateY_effect&quot;:{&quot;unit&quot;:&quot;px&quot;,&quot;size&quot;:&quot;&quot;,&quot;sizes&quot;:[]},&quot;_transform_translateY_effect_tablet&quot;:{&quot;unit&quot;:&quot;px&quot;,&quot;size&quot;:&quot;&quot;,&quot;sizes&quot;:[]},&quot;_transform_translateY_effect_mobile&quot;:{&quot;unit&quot;:&quot;px&quot;,&quot;size&quot;:&quot;&quot;,&quot;sizes&quot;:[]}}\">\n\t\t\t\t<div class=\"elementor-element elementor-element-20b1c72e elementor-widget elementor-widget-heading\" data-id=\"20b1c72e\" data-element_type=\"widget\" data-widget_type=\"heading.default\">\n\t\t\t\t\t<h1 class=\"elementor-heading-title elementor-size-default\">Imprint\n<\/h1>\t\t\t\t<\/div>\n\t\t\t\t<\/div>\n\t\t\t\t<\/div>\n\t\t<div class=\"elementor-element elementor-element-74355d1 e-flex e-con-boxed e-con e-parent\" data-id=\"74355d1\" data-element_type=\"container\">\n\t\t\t\t\t<div class=\"e-con-inner\">\n\t\t<div class=\"elementor-element elementor-element-b7e9c75 e-con-full e-flex e-con e-child\" data-id=\"b7e9c75\" data-element_type=\"container\">\n\t\t\t\t<div class=\"elementor-element elementor-element-7fd80b7 elementor-widget elementor-widget-heading\" data-id=\"7fd80b7\" data-element_type=\"widget\" data-widget_type=\"heading.default\">\n\t\t\t\t\t<h2 class=\"elementor-heading-title elementor-size-default\">Responsible for the content\n<\/h2>\t\t\t\t<\/div>\n\t\t\t\t<div class=\"elementor-element elementor-element-9373c63 elementor-widget elementor-widget-text-editor\" data-id=\"9373c63\" data-element_type=\"widget\" data-widget_type=\"text-editor.default\">\n\t\t\t\t\t\t\t\t\t<p>Notes according to \u00a7 5 TMG<br \/>The pages of the website\u00a0<a href=\"http:\/\/www.alltrucks.com\/en\/\" target=\"_blank\" rel=\"noopener\" data-fpl-component=\"primitive\">www.alltrucks.com<\/a>\u00a0(\"Web Presence\") were created by:<\/p><p>Alltrucks GmbH &amp; Co. KG<br \/>Perchtinger street 6<br \/>81379 Munich<\/p><p>Managing Director: Homer Smyrliadis<\/p><p><strong>Tel<\/strong> +49 (0) 89 462 24 66 0<br \/><strong>fax<\/strong> +49 (0) 89 462 24 66 86<br \/><strong>e-mail<\/strong> \u00a0<a href=\"mailto:info@alltrucks.com\" target=\"_blank\" rel=\"noopener\" data-fpl-component=\"primitive\">info@alltrucks.com<\/a><\/p><p>Munich Local Court<br \/>Commercial register: HRA 101060<br \/>Registered office of the company: Munich<br \/>Umsatzsteuer-ID-Nr.: DE290923004<\/p>\t\t\t\t\t\t\t\t<\/div>\n\t\t\t\t<div class=\"elementor-element elementor-element-1b1a3f1 elementor-widget elementor-widget-text-editor\" data-id=\"1b1a3f1\" data-element_type=\"widget\" data-widget_type=\"text-editor.default\">\n\t\t\t\t\t\t\t\t\t<p>Concept &amp; Design: <a href=\"https:\/\/futureplayground.de\">futureplayground.de<\/a><br \/>Technical realisation: <a href=\"https:\/\/brandnew.media\">brandnew.media<\/a><\/p>\t\t\t\t\t\t\t\t<\/div>\n\t\t\t\t<\/div>\n\t\t\t\t\t<\/div>\n\t\t\t\t<\/div>\n\t\t\t\t<\/div>","protected":false},"excerpt":{"rendered":"<p>Imprint Responsible for the content Notes according to \u00a7 5 TMGThe pages of the web presence www.alltrucks.com (\"web presence\") were created by: Alltrucks GmbH &amp; Co. KGPerchtinger Stra\u00dfe 681379 M\u00fcnchen Managing Director: Homer Smyrliadis Tel +49 (0) 89 462 24 66 0 Fax +49 (0) 89 462 24 66 86 E-Mail info@alltrucks.com Munich Local CourtCommercial Register: HRA 101060Company headquarters: MunichVAT ID No.: DE290923004 Concept &amp; Design: futureplayground.de Technical [...].<\/p>","protected":false},"author":1,"featured_media":0,"parent":0,"menu_order":0,"comment_status":"closed","ping_status":"closed","template":"","meta":{"footnotes":""},"class_list":["post-794","page","type-page","status-publish","hentry"],"yoast_head":"<!-- This site is optimized with the Yoast SEO Premium plugin v26.3 (Yoast SEO v26.3) - https:\/\/yoast.com\/wordpress\/plugins\/seo\/ -->\n<title>Impressum - Alltrucks Truck &amp; Trailer Service<\/title>\n<meta name=\"robots\" content=\"index, follow, max-snippet:-1, max-image-preview:large, max-video-preview:-1\" \/>\n<link rel=\"canonical\" href=\"https:\/\/www.alltrucks.com\/en\/impressum\/\" \/>\n<meta property=\"og:locale\" content=\"en_GB\" \/>\n<meta property=\"og:type\" content=\"article\" \/>\n<meta property=\"og:title\" content=\"Impressum\" \/>\n<meta property=\"og:description\" content=\"Impressum Verantwortlich f\u00fcr den Inhalt Anmerkungen gem\u00e4\u00df \u00a0\u00a7 5 TMGDie Seiten der Web-Pr\u00e4senz\u00a0www.alltrucks.com\u00a0(\u201eWeb-Pr\u00e4senz&#8220;) wurden erstellt von: Alltrucks GmbH &amp; Co. KGPerchtinger Stra\u00dfe 681379 M\u00fcnchen Gesch\u00e4ftsf\u00fchrer: Homer Smyrliadis Tel +49 (0) 89 462 24 66 0\u2028Fax +49 (0) 89 462 24 66 86\u2028E-Mail \u00a0info@alltrucks.com Amtsgericht M\u00fcnchenHandelsregister: HRA 101060Sitz der Gesellschaft: M\u00fcnchenUmsatzsteuer-ID-Nr.: DE290923004 Konzeption &amp; Design: futureplayground.de\u2028Technische [&hellip;]\" \/>\n<meta property=\"og:url\" content=\"https:\/\/www.alltrucks.com\/en\/impressum\/\" \/>\n<meta property=\"og:site_name\" content=\"Alltrucks Truck &amp; Trailer Service\" \/>\n<meta property=\"article:publisher\" content=\"https:\/\/www.facebook.com\/alltrucksDE\/mentions\/?_rdr\" \/>\n<meta property=\"article:modified_time\" content=\"2025-11-17T16:10:57+00:00\" \/>\n<meta name=\"twitter:card\" content=\"summary_large_image\" \/>\n<meta name=\"twitter:label1\" content=\"Estimated reading time\" \/>\n\t<meta name=\"twitter:data1\" content=\"1 minute\" \/>\n<script type=\"application\/ld+json\" class=\"yoast-schema-graph\">{\"@context\":\"https:\/\/schema.org\",\"@graph\":[{\"@type\":\"WebPage\",\"@id\":\"https:\/\/www.alltrucks.com\/impressum\/\",\"url\":\"https:\/\/www.alltrucks.com\/impressum\/\",\"name\":\"Impressum - Alltrucks Truck &amp; Trailer Service\",\"isPartOf\":{\"@id\":\"https:\/\/www.alltrucks.com\/#website\"},\"datePublished\":\"2025-10-07T17:28:49+00:00\",\"dateModified\":\"2025-11-17T16:10:57+00:00\",\"breadcrumb\":{\"@id\":\"https:\/\/www.alltrucks.com\/impressum\/#breadcrumb\"},\"inLanguage\":\"en-GB\",\"potentialAction\":[{\"@type\":\"ReadAction\",\"target\":[\"https:\/\/www.alltrucks.com\/impressum\/\"]}]},{\"@type\":\"BreadcrumbList\",\"@id\":\"https:\/\/www.alltrucks.com\/impressum\/#breadcrumb\",\"itemListElement\":[{\"@type\":\"ListItem\",\"position\":1,\"name\":\"Startseite\",\"item\":\"https:\/\/www.alltrucks.com\/\"},{\"@type\":\"ListItem\",\"position\":2,\"name\":\"Impressum\"}]},{\"@type\":\"WebSite\",\"@id\":\"https:\/\/www.alltrucks.com\/#website\",\"url\":\"https:\/\/www.alltrucks.com\/\",\"name\":\"Alltrucks Truck & Trailer Service\",\"description\":\"\",\"publisher\":{\"@id\":\"https:\/\/www.alltrucks.com\/#organization\"},\"potentialAction\":[{\"@type\":\"SearchAction\",\"target\":{\"@type\":\"EntryPoint\",\"urlTemplate\":\"https:\/\/www.alltrucks.com\/?s={search_term_string}\"},\"query-input\":{\"@type\":\"PropertyValueSpecification\",\"valueRequired\":true,\"valueName\":\"search_term_string\"}}],\"inLanguage\":\"en-GB\"},{\"@type\":\"Organization\",\"@id\":\"https:\/\/www.alltrucks.com\/#organization\",\"name\":\"Alltrucks GmbH & Co. KG\",\"url\":\"https:\/\/www.alltrucks.com\/\",\"logo\":{\"@type\":\"ImageObject\",\"inLanguage\":\"en-GB\",\"@id\":\"https:\/\/www.alltrucks.com\/#\/schema\/logo\/image\/\",\"url\":\"https:\/\/www.alltrucks.com\/wp-content\/uploads\/2025\/09\/Logo.svg\",\"contentUrl\":\"https:\/\/www.alltrucks.com\/wp-content\/uploads\/2025\/09\/Logo.svg\",\"width\":298,\"height\":65,\"caption\":\"Alltrucks GmbH & Co. KG\"},\"image\":{\"@id\":\"https:\/\/www.alltrucks.com\/#\/schema\/logo\/image\/\"},\"sameAs\":[\"https:\/\/www.facebook.com\/alltrucksDE\/mentions\/?_rdr\",\"https:\/\/de.linkedin.com\/company\/alltrucks\"]}]}<\/script>\n<!-- \/ Yoast SEO Premium plugin. -->","yoast_head_json":{"title":"Imprint - Alltrucks Truck &amp; Trailer Service","robots":{"index":"index","follow":"follow","max-snippet":"max-snippet:-1","max-image-preview":"max-image-preview:large","max-video-preview":"max-video-preview:-1"},"canonical":"https:\/\/www.alltrucks.com\/en\/impressum\/","og_locale":"en_GB","og_type":"article","og_title":"Impressum","og_description":"Impressum Verantwortlich f\u00fcr den Inhalt Anmerkungen gem\u00e4\u00df \u00a0\u00a7 5 TMGDie Seiten der Web-Pr\u00e4senz\u00a0www.alltrucks.com\u00a0(\u201eWeb-Pr\u00e4senz&#8220;) wurden erstellt von: Alltrucks GmbH &amp; Co. KGPerchtinger Stra\u00dfe 681379 M\u00fcnchen Gesch\u00e4ftsf\u00fchrer: Homer Smyrliadis Tel +49 (0) 89 462 24 66 0\u2028Fax +49 (0) 89 462 24 66 86\u2028E-Mail \u00a0info@alltrucks.com Amtsgericht M\u00fcnchenHandelsregister: HRA 101060Sitz der Gesellschaft: M\u00fcnchenUmsatzsteuer-ID-Nr.: DE290923004 Konzeption &amp; Design: futureplayground.de\u2028Technische [&hellip;]","og_url":"https:\/\/www.alltrucks.com\/en\/impressum\/","og_site_name":"Alltrucks Truck &amp; Trailer Service","article_publisher":"https:\/\/www.facebook.com\/alltrucksDE\/mentions\/?_rdr","article_modified_time":"2025-11-17T16:10:57+00:00","twitter_card":"summary_large_image","twitter_misc":{"Estimated reading time":"1 minute"},"schema":{"@context":"https:\/\/schema.org","@graph":[{"@type":"WebPage","@id":"https:\/\/www.alltrucks.com\/impressum\/","url":"https:\/\/www.alltrucks.com\/impressum\/","name":"Imprint - Alltrucks Truck &amp; Trailer Service","isPartOf":{"@id":"https:\/\/www.alltrucks.com\/#website"},"datePublished":"2025-10-07T17:28:49+00:00","dateModified":"2025-11-17T16:10:57+00:00","breadcrumb":{"@id":"https:\/\/www.alltrucks.com\/impressum\/#breadcrumb"},"inLanguage":"en-GB","potentialAction":[{"@type":"ReadAction","target":["https:\/\/www.alltrucks.com\/impressum\/"]}]},{"@type":"BreadcrumbList","@id":"https:\/\/www.alltrucks.com\/impressum\/#breadcrumb","itemListElement":[{"@type":"ListItem","position":1,"name":"Startseite","item":"https:\/\/www.alltrucks.com\/"},{"@type":"ListItem","position":2,"name":"Impressum"}]},{"@type":"WebSite","@id":"https:\/\/www.alltrucks.com\/#website","url":"https:\/\/www.alltrucks.com\/","name":"Alltrucks Truck &amp; Trailer Service","description":"","publisher":{"@id":"https:\/\/www.alltrucks.com\/#organization"},"potentialAction":[{"@type":"SearchAction","target":{"@type":"EntryPoint","urlTemplate":"https:\/\/www.alltrucks.com\/?s={search_term_string}"},"query-input":{"@type":"PropertyValueSpecification","valueRequired":true,"valueName":"search_term_string"}}],"inLanguage":"en-GB"},{"@type":"Organization","@id":"https:\/\/www.alltrucks.com\/#organization","name":"Alltrucks GmbH &amp; Co. KG","url":"https:\/\/www.alltrucks.com\/","logo":{"@type":"ImageObject","inLanguage":"en-GB","@id":"https:\/\/www.alltrucks.com\/#\/schema\/logo\/image\/","url":"https:\/\/www.alltrucks.com\/wp-content\/uploads\/2025\/09\/Logo.svg","contentUrl":"https:\/\/www.alltrucks.com\/wp-content\/uploads\/2025\/09\/Logo.svg","width":298,"height":65,"caption":"Alltrucks GmbH & Co. KG"},"image":{"@id":"https:\/\/www.alltrucks.com\/#\/schema\/logo\/image\/"},"sameAs":["https:\/\/www.facebook.com\/alltrucksDE\/mentions\/?_rdr","https:\/\/de.linkedin.com\/company\/alltrucks"]}]}},"_links":{"self":[{"href":"https:\/\/www.alltrucks.com\/en\/wp-json\/wp\/v2\/pages\/794","targetHints":{"allow":["GET"]}}],"collection":[{"href":"https:\/\/www.alltrucks.com\/en\/wp-json\/wp\/v2\/pages"}],"about":[{"href":"https:\/\/www.alltrucks.com\/en\/wp-json\/wp\/v2\/types\/page"}],"author":[{"embeddable":true,"href":"https:\/\/www.alltrucks.com\/en\/wp-json\/wp\/v2\/users\/1"}],"replies":[{"embeddable":true,"href":"https:\/\/www.alltrucks.com\/en\/wp-json\/wp\/v2\/comments?post=794"}],"version-history":[{"count":25,"href":"https:\/\/www.alltrucks.com\/en\/wp-json\/wp\/v2\/pages\/794\/revisions"}],"predecessor-version":[{"id":2048,"href":"https:\/\/www.alltrucks.com\/en\/wp-json\/wp\/v2\/pages\/794\/revisions\/2048"}],"wp:attachment":[{"href":"https:\/\/www.alltrucks.com\/en\/wp-json\/wp\/v2\/media?parent=794"}],"curies":[{"name":"wp","href":"https:\/\/api.w.org\/{rel}","templated":true}]}}